{"id":2301,"date":"2022-04-22T14:48:30","date_gmt":"2022-04-22T12:48:30","guid":{"rendered":"https:\/\/www.globaltradetracker.com\/global-trade-tracker-datenschutzbestimmungen\/"},"modified":"2025-01-31T11:12:37","modified_gmt":"2025-01-31T10:12:37","slug":"global-trade-tracker-datenschutzbestimmungen","status":"publish","type":"page","link":"https:\/\/www.globaltradetracker.com\/de\/global-trade-tracker-datenschutzbestimmungen\/","title":{"rendered":"Global Trade Tracker Datenschutzrichtlinie"},"content":{"rendered":"\t\t<div data-elementor-type=\"wp-page\" data-elementor-id=\"2301\" class=\"elementor elementor-2301 elementor-468\" data-elementor-settings=\"{&quot;ha_cmc_init_switcher&quot;:&quot;no&quot;}\" data-elementor-post-type=\"page\">\n\t\t\t\t\t\t<section class=\"elementor-section elementor-top-section elementor-element elementor-element-699d1f6 elementor-section-boxed elementor-section-height-default elementor-section-height-default\" data-id=\"699d1f6\" data-element_type=\"section\" data-e-type=\"section\" data-settings=\"{&quot;_ha_eqh_enable&quot;:false}\">\n\t\t\t\t\t\t<div class=\"elementor-container elementor-column-gap-default\">\n\t\t\t\t\t<div class=\"elementor-column elementor-col-100 elementor-top-column elementor-element elementor-element-518e053\" data-id=\"518e053\" data-element_type=\"column\" data-e-type=\"column\">\n\t\t\t<div class=\"elementor-widget-wrap elementor-element-populated\">\n\t\t\t\t\t\t<section class=\"elementor-section elementor-inner-section elementor-element elementor-element-f4058ea elementor-section-boxed elementor-section-height-default elementor-section-height-default\" data-id=\"f4058ea\" data-element_type=\"section\" data-e-type=\"section\" data-settings=\"{&quot;_ha_eqh_enable&quot;:false}\">\n\t\t\t\t\t\t<div class=\"elementor-container elementor-column-gap-default\">\n\t\t\t\t\t<div class=\"elementor-column elementor-col-100 elementor-inner-column elementor-element elementor-element-6f0e64b\" data-id=\"6f0e64b\" data-element_type=\"column\" data-e-type=\"column\">\n\t\t\t<div class=\"elementor-widget-wrap elementor-element-populated\">\n\t\t\t\t\t\t<div class=\"elementor-element elementor-element-bfc89c3 elementor-widget elementor-widget-text-editor\" data-id=\"bfc89c3\" data-element_type=\"widget\" data-e-type=\"widget\" data-widget_type=\"text-editor.default\">\n\t\t\t\t<div class=\"elementor-widget-container\">\n\t\t\t\t\t\t\t\t\t<h2 style=\"text-align: left;\">Global Trade Tracker Datenschutzrichtlinie<\/h2>\n<p>Global Trade Tracker (\u201eGTT\u201c ) ist die Handelsdatenplattform der Zen Innovations AG (\u201eZEN\u201c ) und bietet einen leistungsstarken webbasierten Zugang zu Original-Handelsstatistiken der wichtigsten Handelsl\u00e4nder der Welt, der Ihnen ein klares, objektives Bild der Handelsstr\u00f6me vermittelt, die Sie kennen m\u00fcssen. Dank blitzschneller Aktualisierungen, flexibler Ausgabeoptionen und ma\u00dfgeschneiderter Zahlungspl\u00e4ne ist Global Trade Tracker der bevorzugte Service f\u00fcr Wirtschaftsanalysten weltweit.<\/p>\n<p style=\"text-align: left;\">Das ZEN verpflichtet sich, die Privatsph\u00e4re der Nutzer der GTT-Website (www.globaltradetracker.com &#8211; die \u201eWebsite\u201c) und anderer Websites zu sch\u00fctzen, auf die wir Sie von Zeit zu Zeit hinweisen werden. Die GTT-Website soll Ihnen und Ihrem Unternehmen helfen, die Produkte und Dienstleistungen von GTT besser zu verstehen.<\/p>\n<p style=\"text-align: left;\">Diese Datenschutzrichtlinie (die \u201eRichtlinie\u201c) legt die Datenschutzpraktiken von Zen Innovations f\u00fcr die Service-Sites und gegebenenfalls f\u00fcr die Website offen und soll registrierte Benutzer und andere Besucher der Sites \u00fcber die Datenerfassungs- und -verwendungspraktiken der \u201eSites\u201c (d. h. sowohl der \u201eService-Sites\u201c als auch der \u201eWebsite\u201c) informieren.<\/p>\n<p style=\"text-align: left;\">Durch die Nutzung der Seiten erkl\u00e4ren Sie sich mit den Bedingungen dieser Datenschutzrichtlinie einverstanden und stimmen ausdr\u00fccklich der Verarbeitung Ihrer pers\u00f6nlichen Daten gem\u00e4\u00df dieser Datenschutzrichtlinie zu. Ihre personenbezogenen Daten k\u00f6nnen von uns in dem Land verarbeitet werden, in dem sie erfasst wurden, sowie in anderen L\u00e4ndern (einschlie\u00dflich der Vereinigten Staaten), in denen die Gesetze zur Verarbeitung personenbezogener Daten m\u00f6glicherweise weniger streng sind als in Ihrem Land.<\/p>\n<p style=\"text-align: left;\">By using the Sites, you agree to the terms of this Privacy Policy and expressly consent to the processing of your personal data in accordance with this Privacy Policy. Your personal data may be processed by us in the country in which it was collected and in other countries (including the United States) where the laws governing the processing of personal data may be less stringent than in your country.<\/p>\n<p>REGISTRIERTE NUTZER<\/p>\n<p>Um Zweifel auszuschlie\u00dfen, kann die Zen Innovations AG nicht registrierte Personen in dieser Richtlinie als \u201eBesucher\u201c und registrierte Personen als \u201eAbonnent\u201c oder \u201eabonnierender Nutzer\u201c bezeichnen. Dar\u00fcber hinaus k\u00f6nnen wir registrierte oder nicht registrierte Personen als \u201eSie\u201c oder \u201eNutzer\u201c bezeichnen. F\u00fcr den Zugang zu bestimmten \u00f6ffentlichen Bereichen der Website ist eine Registrierung nicht zwingend erforderlich. F\u00fcr den Zugang zu bestimmten Bereichen der Website und allen Bereichen der Service-Sites sowie zu den Produkten und Dienstleistungen, die \u00fcber diese Bereiche der Sites angeboten werden, ist eine vorausbezahlte Abonnement- oder Testregistrierung erforderlich. Wenn Sie sich f\u00fcr ein Abonnement anmelden oder f\u00fcr eine Testnutzung der Service-Websites registrieren, erhalten Sie ein Konto bei GTT (Ihr \u201eKonto\u201c), und Sie erhalten einen Benutzernamen und ein Passwort f\u00fcr den Zugriff auf Ihr Konto, die Service-Websites und die Teile der Website, die registrierten Benutzern zur Verf\u00fcgung stehen.<br \/>Das ZEN ist nicht verantwortlich f\u00fcr den Verlust oder den Missbrauch Ihres Benutzernamens und Passworts. Denken Sie immer daran, dass Sie zum Schutz Ihrer Privatsph\u00e4re Ihren Benutzernamen und Ihr Passwort nicht an andere weitergeben sollten.<\/p>\n<p>PERS\u00d6NLICH IDENTIFIZIERBARE INFORMATIONEN<\/p>\n<p>Wir sammeln und teilen pers\u00f6nlich identifizierbare Informationen \u00fcber die Nutzer der Seiten wie in dieser Richtlinie beschrieben. Mit Ausnahme der in dieser Richtlinie genannten F\u00e4lle werden die auf den Websites erfassten personenbezogenen Daten nicht ohne Ihre Zustimmung an Dritte weitergegeben. Wir k\u00f6nnen automatisch personenbezogene Daten von Ihnen erfassen, wenn Sie auf die Websites zugreifen. Wir k\u00f6nnen personenbezogene Daten von Ihnen auch \u00fcber eine Reihe freiwilliger Quellen auf den Websites erfassen, z. B. \u00fcber E-Mails, Postings, Nachrichten oder andere elektronische Eingaben und Mitteilungen, die Sie an ZEN oder die Websites senden.<br \/>Zu den pers\u00f6nlich identifizierbaren Daten, die wir von Ihnen erfassen k\u00f6nnen, geh\u00f6ren zum Beispiel<\/p>\n<p>Vollst\u00e4ndiger Name<br \/>Name des Unternehmens<br \/>Kontaktinformationen (einschlie\u00dflich Adresse, Postleitzahl, Land und Telefonnummer)<br \/>E-Mail Adresse<br \/>Andere Informationen, die von den Nutzern freiwillig zur Verf\u00fcgung gestellt werden, wie z. B. Informationen, die bei Umfragen und bei der Registrierung auf der Website angegeben werden<br \/>IP-Adresse<br \/>Benutzerspezifische und zusammengefasste Informationen \u00fcber die besuchten Bereiche der Websites<br \/>Benutzername und Passwort f\u00fcr die Websites<\/p>\n<p>Das ZEN verarbeitet personenbezogene Daten nur in \u00dcbereinstimmung mit Artikel 6 Absatz 1 der Datenschutz-Grundverordnung.<\/p>\n<p>Sie sollten dem ZEN keine personenbezogenen Daten zur Verf\u00fcgung stellen oder personenbezogene Daten an die Website \u00fcbermitteln, es sei denn, Sie m\u00f6chten, dass diese Daten vom ZEN in \u00dcbereinstimmung mit dieser Richtlinie verwendet werden.<\/p>\n<p>Ebenso sollten Sie keine personenbezogenen Daten an die Website \u00fcbermitteln oder dort einstellen, es sei denn, Sie m\u00f6chten, dass diese Informationen f\u00fcr andere Nutzer der Website zug\u00e4nglich sind, da die auf der Website eingestellten Informationen anderen Nutzern der Website zug\u00e4nglich gemacht werden k\u00f6nnen.<\/p>\n<p>Pers\u00f6nlich identifizierbare Informationen, die auf der Service-Website ver\u00f6ffentlicht werden, sind f\u00fcr andere Benutzer der Service-Website, die nicht zu Ihrer Peer-Benutzergruppe oder Organisation geh\u00f6ren und die ebenfalls auf der Service-Website registriert sind, nicht zug\u00e4nglich.<\/p>\n<p style=\"text-align: left;\">Die personenbezogenen Daten, die das ZEN von (registrierten und nicht registrierten) Nutzern der Websites erhebt, k\u00f6nnen f\u00fcr eine Vielzahl von Zwecken verwendet werden, z. B. um den Nutzern der Websites die auf den Websites angebotenen Dienstleistungen und Produkte zur Verf\u00fcgung zu stellen, um den Inhalt und\/oder das Layout der Websites f\u00fcr jeden einzelnen Nutzer der Websites anzupassen, um die Nutzer der Seiten \u00fcber Aktualisierungen und Aktivit\u00e4ten auf den Seiten sowie \u00fcber Waren und Dienstleistungen zu informieren, von denen wir glauben, dass sie f\u00fcr Sie von Interesse sein k\u00f6nnten, um den Inhalt der Seiten zu verbessern, um Daten und Muster in Bezug auf die Nutzung der Seiten zu analysieren, um Nutzer der Seiten zu Marketingzwecken zu kontaktieren und um Nutzer der Seiten zu Zwecken der Informations\u00fcberpr\u00fcfung zu kontaktieren.<\/p>\n<p style=\"text-align: left;\">ZEN kann Statistiken und Nutzungsdaten \u00fcber die Nutzung und das Feedback der Nutzer zu den Inhalten nur in F\u00e4llen anonymer Informationen sammeln und ver\u00f6ffentlichen. Wir k\u00f6nnen Nutzungsdaten im Zusammenhang mit einem bestimmten Schl\u00fcsselwort oder einem bestimmten Inhalt ver\u00f6ffentlichen, jedoch niemals in Verbindung mit Ihrem Konto. Wir k\u00f6nnen bestimmte Informationen von Besuchern der Website und Nutzern der Dienste sammeln, wie z. B. Internetadressen. Diese Informationen werden protokolliert, um technische Probleme zu diagnostizieren und Sicherheitsverst\u00f6\u00dfe zu verhindern.<\/p>\n<p>OFFENLEGUNG AUFGRUND GESETZLICHER BESTIMMUNGEN<\/p>\n<p>Obwohl wir uns nach Kr\u00e4ften bem\u00fchen, die Privatsph\u00e4re der Benutzer zu sch\u00fctzen, kann es vorkommen, dass wir personenbezogene Daten bestimmter Benutzer der Websites offenlegen m\u00fcssen, wenn wir in gutem Glauben davon ausgehen, dass die Offenlegung erforderlich ist, um einem laufenden Gerichtsverfahren, einem Gerichtsbeschluss oder einem an ZEN oder die Websites gerichteten rechtlichen Verfahren nachzukommen. In diesem Fall bem\u00fchen wir uns in angemessener Weise, alle betroffenen Benutzer \u00fcber diese Offenlegung zu informieren, soweit dies unter den gegebenen Umst\u00e4nden m\u00f6glich ist.<\/p>\n<p>WO WIR PERSONENBEZOGENE DATEN SPEICHERN UND VERARBEITEN<\/p>\n<p>Das ZEN kann personenbezogene Daten in jedem Land, in dem es t\u00e4tig ist, speichern und verarbeiten.<br \/>Der Hauptspeicherort f\u00fcr die Daten des ZEN ist die Schweiz. Dienste wie unser CRM werden jedoch auf cloudbasierten Diensten von Drittanbietern gehostet. Wir stellen sicher, dass bei der \u00dcbertragung von Daten zwischen verschiedenen Regionen angemessene Sicherheitsvorkehrungen getroffen werden, wobei wir uns an die geltenden Gesetze halten.<br \/>Unternehmenseinheiten des ZEN k\u00f6nnen personenbezogene Daten auch nach geltendem Recht verarbeiten.<\/p>\n<p>DATENSPEICHERUNG<\/p>\n<p>Das ZEN speichert personenbezogene Daten so lange, wie es f\u00fcr die Erf\u00fcllung unserer vertraglichen Verpflichtungen und die Bereitstellung der von Ihnen angeforderten Produkte erforderlich ist, oder um die gesetzlichen Anforderungen des Landes zu erf\u00fcllen, in dem die Daten gespeichert sind. Diese Aufbewahrungsfristen variieren je nach Standort, Art der Daten, Produkttyp und dem Umfang unserer Interaktion mit Ihnen.<br \/>Wir verwenden die folgenden Kriterien, um die Aufbewahrungsfrist zu bestimmen.<\/p>\n<p>Hat der Kunde personenbezogene Daten in der Erwartung \u00fcbermittelt, dass wir diese Daten so lange aufbewahren, bis er ausdr\u00fccklich um ihre L\u00f6schung bittet?<br \/>In diesem Fall h\u00e4lt sich das ZEN an das geltende Recht und bewahrt die Daten nur so lange auf, wie es f\u00fcr den Zweck, f\u00fcr den sie verarbeitet werden, erforderlich ist, oder bis Sie die L\u00f6schung Ihrer Daten verlangen. Hat sich das ZEN vertraglich zu einer bestimmten Aufbewahrungsfrist verpflichtet?<br \/>Organisationen k\u00f6nnen verlangen, dass wir die Daten mindestens f\u00fcr einen bestimmten Zeitraum aufbewahren. Ihre Rechte sind davon nicht betroffen. Pers\u00f6nliche L\u00f6schungsantr\u00e4ge haben unter solchen Umst\u00e4nden Vorrang.<br \/>Ist das ZEN gesetzlich verpflichtet, die Daten aufzubewahren oder zu l\u00f6schen?<br \/>Beispiele hierf\u00fcr sind u. a. Gesetze zur Aufbewahrung von Daten, die von Beh\u00f6rden erlassen wurden, oder Daten, die f\u00fcr die Zwecke von Rechtsstreitigkeiten aufbewahrt werden.<\/p>\n<p>DIENSTANK\u00dcNDIGUNGEN<\/p>\n<p>Gelegentlich ist es notwendig, dienstbezogene Ank\u00fcndigungen zu versenden. Wenn beispielsweise die Seiten oder einer der auf den Seiten angebotenen Dienste wegen Wartungsarbeiten vor\u00fcbergehend unterbrochen werden, k\u00f6nnen wir den Benutzern eine E-Mail schicken. Im Allgemeinen k\u00f6nnen die Benutzer diese Mitteilungen nicht abbestellen, sie k\u00f6nnen jedoch ihr Konto deaktivieren. Diese Mitteilungen haben keinen Werbecharakter.<\/p>\n<p>SONDERANGEBOTE UND AKTUALISIERUNGEN<\/p>\n<p>Wir senden allen neu registrierten Nutzern der Websites eine Begr\u00fc\u00dfungs-E-Mail, um ihr Passwort und ihren Benutzernamen zu best\u00e4tigen. Abonnierte Benutzer erhalten gelegentlich Informationen \u00fcber Produkte, Dienstleistungen und Sonderangebote sowie regelm\u00e4\u00dfige Newsletter in \u00dcbereinstimmung mit ihren Abonnementvereinbarungen. Bestehenden und abgelaufenen Abonnenten k\u00f6nnen wir gelegentlich Informationen \u00fcber Produkte, Dienstleistungen und Sonderangebote sowie regelm\u00e4\u00dfige Newsletter zusenden, die nicht Teil ihres Abonnements sind.<\/p>\n<p>NICHT PERS\u00d6NLICH IDENTIFIZIERBARE INFORMATIONEN<\/p>\n<p>Soweit m\u00f6glich, erkennt unser Server automatisch die Internetprotokolladressen der Besucher. Wir sammeln auch Informationen dar\u00fcber, wie Besucher die Websites nutzen (z. B. welche Seiten aufgerufen und welche Produkte und Dienstleistungen gekauft wurden). Diese Informationen, die in anonymer und nicht pers\u00f6nlich identifizierbarer Form gesammelt und aufbewahrt werden, erm\u00f6glichen es uns, den Inhalt der Seiten zu verbessern und Marktforschung zu betreiben. Manchmal nehmen wir die Dienste Dritter in Anspruch, um diese Informationen besser zu verstehen, wobei die Informationen, die an diese Unternehmen weitergegeben werden, stets in anonymer und nicht pers\u00f6nlich identifizierbarer Form bleiben. Abgesehen von der Verbesserung der Websites und der Erfahrung der Besucher der Websites verwenden wir diese Informationen nicht weiter.<\/p>\n<p>WEITERGABE VON INFORMATIONEN<\/p>\n<p>Im Zuge der Weiterentwicklung unseres Gesch\u00e4fts sind wir m\u00f6glicherweise an Unternehmenstransaktionen wie Fusionen und \u00dcbernahmen beteiligt, und es ist m\u00f6glich, dass ein anderes Unternehmen das ZEN oder dessen Gesch\u00e4ftsverm\u00f6gen in der Zukunft erwirbt. Sollte sich ZEN nach eigenem Ermessen dazu entschlie\u00dfen, das Eigentum oder die Kontrolle \u00fcber die Websites an einen Dritten zu \u00fcbertragen, sei es im Rahmen einer \u00dcbernahme von ZEN oder einer Fusion von ZEN mit einem Dritten, stimmen Sie der \u00dcbertragung Ihrer personenbezogenen Daten und nicht personenbezogenen Daten an diesen Dritten zu, vorausgesetzt, dass die Verwendung Ihrer Daten durch diesen Dritten weiterhin den Bestimmungen dieser Richtlinie unterliegt.<\/p>\n<p style=\"text-align: left;\">COOKIES<\/p>\n<p>Das ZEN verwendet \u201eCookies\u201c, um die Nutzung der Websites zu verbessern. Ein Cookie ist eine Textdatei, die von einem Webserver auf Ihrer Festplatte abgelegt wird und h\u00e4ufig eine anonyme eindeutige Kennung enth\u00e4lt. Cookies k\u00f6nnen nicht dazu verwendet werden, Programme auszuf\u00fchren oder Viren auf Ihren Computer zu \u00fcbertragen. Cookies sind Ihnen eindeutig zugeordnet und k\u00f6nnen nur von einem Webserver in der Dom\u00e4ne gelesen werden, die das Cookie an Sie ausgegeben hat.<\/p>\n<p>Wir k\u00f6nnen Cookies f\u00fcr verschiedene Zwecke verwenden, z. B. um Benutzereinstellungen zu speichern, den Inhalt der Website f\u00fcr einzelne Benutzer anzupassen, um sicherzustellen, dass Benutzer nicht wiederholt denselben Inhalt erhalten, um Sitzungsinformationen aufzuzeichnen, um Benutzer auf neue Bereiche hinzuweisen, die bei der R\u00fcckkehr zur Website von Interesse sein k\u00f6nnten, und um bestimmte Informationen \u00fcber Benutzer der Website und andere Besucher der Website zu speichern. Wir verwenden Cookies auch, um aktuelle Anmeldeinformationen zu speichern; Sie m\u00fcssen sich jedoch nach Ablauf einer bestimmten Zeitspanne in Ihr Konto einloggen, um Sie vor dem versehentlichen Zugriff anderer auf Ihr Konto zu sch\u00fctzen.<\/p>\n<p>ZUGANG, \u00dcBERPR\u00dcFUNG, AKTUALISIERUNG<\/p>\n<p>Die Nutzer k\u00f6nnen die personenbezogenen Daten, die sie uns zuvor mitgeteilt haben, \u00fcberpr\u00fcfen, l\u00f6schen\/deaktivieren und aktualisieren, indem sie sich mit uns in Verbindung setzen. Wir k\u00f6nnen Sie auffordern, sich zu identifizieren, bevor wir Ihre Anfrage bearbeiten.<\/p>\n<p>ANDERE WEBSITES; LINKS<\/p>\n<p>Websites von Dritten k\u00f6nnen \u00fcber die Sites zug\u00e4nglich sein. Diese Websites Dritter haben ihre eigenen Datenschutz- und Datenerfassungsrichtlinien und -praktiken. Das ZEN ist nicht f\u00fcr die Handlungen oder Datenschutzrichtlinien dieser Dritten verantwortlich. Sie sollten sich \u00fcber die geltenden Datenschutzrichtlinien dieser Dritten informieren, wenn Sie personenbezogene Daten \u00fcber verlinkte Websites bereitstellen.<\/p>\n<p>ZUSTIMMUNG ZUR NUTZUNG VON DRITTANBIETERN<\/p>\n<p>Zus\u00e4tzlich zu den in dieser Richtlinie genannten Drittanbietern kann das ZEN auch Vertr\u00e4ge mit anderen Drittanbietern abschlie\u00dfen, um verschiedene Dienstleistungen f\u00fcr das ZEN im Zusammenhang mit den Websites auf ausgelagerter Basis zu erbringen, anstatt die Dienstleistungen selbst durchzuf\u00fchren. So kann das ZEN beispielsweise einen Vertrag mit einem E-Mail-Anbieter abschlie\u00dfen, um die Verteilung von E-Mail-Nachrichten an die Abonnenten der Websites abzuwickeln. Ebenso kann das ZEN einen Vertrag mit einem Website-Hosting-Anbieter abschlie\u00dfen, um die Websites ganz oder teilweise f\u00fcr das ZEN zu hosten. Durch den Besuch der Websites erkl\u00e4ren sich alle Besucher damit einverstanden, dass das ZEN sowohl pers\u00f6nliche als auch nicht-pers\u00f6nliche Daten, die es von diesen Besuchern erh\u00e4lt, an diese Drittanbieter weitergibt, damit diese diese ausgelagerten Dienstleistungen f\u00fcr das ZEN erbringen k\u00f6nnen. Dar\u00fcber hinaus erkl\u00e4ren sich alle Besucher damit einverstanden, dass ihre personenbezogenen und nicht personenbezogenen Daten vom ZEN und diesen Drittanbietern erfasst, gepflegt und verarbeitet werden.<\/p>\n<p>BENACHRICHTIGUNG \u00dcBER \u00c4NDERUNGEN<\/p>\n<p>Wenn wir uns entschlie\u00dfen, die Richtlinie zu \u00e4ndern, werden wir die Benutzer entweder per E-Mail benachrichtigen oder wesentliche \u00c4nderungen auf den Websites ver\u00f6ffentlichen, damit unsere Benutzer wissen, welche Daten wir erfassen, wie wir sie verwenden und ob wir sie weitergeben. Sofern wir nicht Ihr Einverst\u00e4ndnis einholen und erhalten, verwenden wir die Informationen in \u00dcbereinstimmung mit der Richtlinie, unter der die Informationen zuletzt erfasst wurden. Benutzer k\u00f6nnen die Verwendung ihrer Daten f\u00fcr andere Zwecke als die, f\u00fcr die sie urspr\u00fcnglich erfasst wurden, verhindern, indem sie uns eine E-Mail an support@zen-innovations.com schicken.<\/p>\n<p>SICHERHEIT<\/p>\n<p>Wir setzen auf den Websites mindestens branchen\u00fcbliche Ma\u00dfnahmen ein, um den Verlust, den Missbrauch oder die Ver\u00e4nderung der von uns kontrollierten Daten zu verhindern. Wir verwenden einen sicheren Server-Hosting-Standort, Firewall-Schutz, kontrollierten Zugang und sichere Datenspeicherung, um Ihre Daten zu sch\u00fctzen. Wir speichern weder Ihre Passw\u00f6rter im Klartext, noch speichern wir Ihre Kreditkarteninformationen auf unseren Systemen. Die Websites unterst\u00fctzen SSL und die aktuellen Verschl\u00fcsselungsstandards in vollem Umfang. Au\u00dferdem beschr\u00e4nken wir den Zugriff auf Ihre Daten auf unsere Mitarbeiter, von denen wir glauben, dass sie vern\u00fcnftigerweise mit diesen Daten in Kontakt kommen m\u00fcssen. Obwohl kein System garantiert vollkommen sicher ist, arbeiten wir hart daran, dass unsere Sicherheitsma\u00dfnahmen alle Informationen auf verantwortungsvolle Weise sch\u00fctzen.<\/p>\n<p>KONTAKTINFORMATIONEN<\/p>\n<p>Unser ernannter Datenschutzbeauftragter ist Peter R\u00f6thlisberger .<\/p>\n<p>Fragen oder Anregungen zu dieser Datenschutzerkl\u00e4rung richten Sie bitte per E-Mail an: \u201esupport@zen-innovations.com\u201c.<\/p>\t\t\t\t\t\t\t\t<\/div>\n\t\t\t\t<\/div>\n\t\t\t\t\t<\/div>\n\t\t<\/div>\n\t\t\t\t\t<\/div>\n\t\t<\/section>\n\t\t\t\t\t<\/div>\n\t\t<\/div>\n\t\t\t\t\t<\/div>\n\t\t<\/section>\n\t\t\t\t<\/div>\n\t\t","protected":false},"excerpt":{"rendered":"<p>Global Trade Tracker Datenschutzrichtlinie Global Trade Tracker (\u201eGTT\u201c ) ist die Handelsdatenplattform der Zen Innovations AG (\u201eZEN\u201c ) und bietet einen leistungsstarken webbasierten Zugang zu Original-Handelsstatistiken der wichtigsten Handelsl\u00e4nder der Welt, der Ihnen ein klares, objektives Bild der Handelsstr\u00f6me vermittelt, die Sie kennen m\u00fcssen. Dank blitzschneller Aktualisierungen, flexibler Ausgabeoptionen und ma\u00dfgeschneiderter Zahlungspl\u00e4ne ist Global Trade [&hellip;]<\/p>\n","protected":false},"author":4,"featured_media":0,"parent":0,"menu_order":38,"comment_status":"closed","ping_status":"closed","template":"elementor_header_footer","meta":{"om_disable_all_campaigns":false,"_monsterinsights_skip_tracking":false,"_monsterinsights_sitenote_active":false,"_monsterinsights_sitenote_note":"","_monsterinsights_sitenote_category":0,"footnotes":""},"class_list":["post-2301","page","type-page","status-publish","hentry"],"aioseo_notices":[],"_links":{"self":[{"href":"https:\/\/www.globaltradetracker.com\/de\/wp-json\/wp\/v2\/pages\/2301","targetHints":{"allow":["GET"]}}],"collection":[{"href":"https:\/\/www.globaltradetracker.com\/de\/wp-json\/wp\/v2\/pages"}],"about":[{"href":"https:\/\/www.globaltradetracker.com\/de\/wp-json\/wp\/v2\/types\/page"}],"author":[{"embeddable":true,"href":"https:\/\/www.globaltradetracker.com\/de\/wp-json\/wp\/v2\/users\/4"}],"replies":[{"embeddable":true,"href":"https:\/\/www.globaltradetracker.com\/de\/wp-json\/wp\/v2\/comments?post=2301"}],"version-history":[{"count":6,"href":"https:\/\/www.globaltradetracker.com\/de\/wp-json\/wp\/v2\/pages\/2301\/revisions"}],"predecessor-version":[{"id":4146,"href":"https:\/\/www.globaltradetracker.com\/de\/wp-json\/wp\/v2\/pages\/2301\/revisions\/4146"}],"wp:attachment":[{"href":"https:\/\/www.globaltradetracker.com\/de\/wp-json\/wp\/v2\/media?parent=2301"}],"curies":[{"name":"wp","href":"https:\/\/api.w.org\/{rel}","templated":true}]}}