{"id":2299,"date":"2022-04-22T13:32:00","date_gmt":"2022-04-22T11:32:00","guid":{"rendered":"https:\/\/www.globaltradetracker.com\/lp-leistungsfaehige-marktforschung\/"},"modified":"2026-02-25T11:27:29","modified_gmt":"2026-02-25T10:27:29","slug":"lp-leistungsfaehige-marktforschung","status":"publish","type":"page","link":"https:\/\/www.globaltradetracker.com\/de\/lp-leistungsfaehige-marktforschung\/","title":{"rendered":"Ergebnisorientierte Marktanalysen"},"content":{"rendered":"\t\t<div data-elementor-type=\"wp-page\" data-elementor-id=\"2299\" class=\"elementor elementor-2299 elementor-1828\" data-elementor-settings=\"{&quot;ha_cmc_init_switcher&quot;:&quot;no&quot;}\" data-elementor-post-type=\"page\">\n\t\t\t\t\t\t<section class=\"elementor-section elementor-top-section elementor-element elementor-element-d48235b elementor-section-boxed elementor-section-height-default elementor-section-height-default\" data-id=\"d48235b\" data-element_type=\"section\" data-e-type=\"section\" data-settings=\"{&quot;background_background&quot;:&quot;classic&quot;,&quot;_ha_eqh_enable&quot;:false}\">\n\t\t\t\t\t\t\t<div class=\"elementor-background-overlay\"><\/div>\n\t\t\t\t\t\t\t<div class=\"elementor-container elementor-column-gap-default\">\n\t\t\t\t\t<div class=\"elementor-column elementor-col-100 elementor-top-column elementor-element elementor-element-b3403af\" data-id=\"b3403af\" data-element_type=\"column\" data-e-type=\"column\">\n\t\t\t<div class=\"elementor-widget-wrap elementor-element-populated\">\n\t\t\t\t\t\t<div class=\"elementor-element elementor-element-f71105d elementor-widget elementor-widget-heading\" data-id=\"f71105d\" data-element_type=\"widget\" data-e-type=\"widget\" data-widget_type=\"heading.default\">\n\t\t\t\t<div class=\"elementor-widget-container\">\n\t\t\t\t\t<h1 class=\"elementor-heading-title elementor-size-default\">GTT: Ein wertvolles Werkzeug\nf\u00fcr Markt-Analysen<\/h1>\t\t\t\t<\/div>\n\t\t\t\t<\/div>\n\t\t\t\t\t<\/div>\n\t\t<\/div>\n\t\t\t\t\t<\/div>\n\t\t<\/section>\n\t\t\t\t<section class=\"elementor-section elementor-top-section elementor-element elementor-element-ca31225 elementor-section-content-middle elementor-section-boxed elementor-section-height-default elementor-section-height-default\" data-id=\"ca31225\" data-element_type=\"section\" data-e-type=\"section\" data-settings=\"{&quot;_ha_eqh_enable&quot;:false}\">\n\t\t\t\t\t\t<div class=\"elementor-container elementor-column-gap-default\">\n\t\t\t\t\t<div class=\"elementor-column elementor-col-100 elementor-top-column elementor-element elementor-element-732df58\" data-id=\"732df58\" data-element_type=\"column\" data-e-type=\"column\">\n\t\t\t<div class=\"elementor-widget-wrap elementor-element-populated\">\n\t\t\t\t\t\t<div class=\"elementor-element elementor-element-6498492 elementor-arrows-position-inside elementor-pagination-position-outside elementor-widget elementor-widget-image-carousel\" data-id=\"6498492\" data-element_type=\"widget\" data-e-type=\"widget\" data-settings=\"{&quot;navigation&quot;:&quot;both&quot;,&quot;autoplay&quot;:&quot;yes&quot;,&quot;pause_on_hover&quot;:&quot;yes&quot;,&quot;pause_on_interaction&quot;:&quot;yes&quot;,&quot;autoplay_speed&quot;:5000,&quot;infinite&quot;:&quot;yes&quot;,&quot;speed&quot;:500}\" data-widget_type=\"image-carousel.default\">\n\t\t\t\t<div class=\"elementor-widget-container\">\n\t\t\t\t\t\t\t<div class=\"elementor-image-carousel-wrapper swiper\" role=\"region\" aria-roledescription=\"carousel\" aria-label=\"Bild Karussell\" dir=\"ltr\">\n\t\t\t<div class=\"elementor-image-carousel swiper-wrapper\" aria-live=\"off\">\n\t\t\t\t\t\t\t\t<div class=\"swiper-slide\" role=\"group\" aria-roledescription=\"slide\" aria-label=\"1 von 3\"><a data-elementor-open-lightbox=\"yes\" data-elementor-lightbox-slideshow=\"6498492\" data-elementor-lightbox-title=\"Schweizer Exporte von Schokolade\" data-e-action-hash=\"#elementor-action%3Aaction%3Dlightbox%26settings%3DeyJpZCI6NDY1MSwidXJsIjoiaHR0cHM6XC9cL3d3dy5nbG9iYWx0cmFkZXRyYWNrZXIuY29tXC93cC1jb250ZW50XC91cGxvYWRzXC8yMDI2XC8wMlwvR1RUX2luX2FjdGlvbl8zLTEuanBnIiwic2xpZGVzaG93IjoiNjQ5ODQ5MiJ9\" href=\"https:\/\/www.globaltradetracker.com\/wp-content\/uploads\/2026\/02\/GTT_in_action_3-1.jpg\"><figure class=\"swiper-slide-inner\"><img decoding=\"async\" class=\"swiper-slide-image\" src=\"https:\/\/www.globaltradetracker.com\/wp-content\/uploads\/2026\/02\/GTT_in_action_3-1.jpg\" alt=\"GTT-Analytics: Report von Schweizer Schokolade grafisch dargestellt.\" \/><\/figure><\/a><\/div><div class=\"swiper-slide\" role=\"group\" aria-roledescription=\"slide\" aria-label=\"2 von 3\"><a data-elementor-open-lightbox=\"yes\" data-elementor-lightbox-slideshow=\"6498492\" data-elementor-lightbox-title=\"USA: Importe von Fahrzeugen aus Japan per Port.\" data-e-action-hash=\"#elementor-action%3Aaction%3Dlightbox%26settings%3DeyJpZCI6NDY1MCwidXJsIjoiaHR0cHM6XC9cL3d3dy5nbG9iYWx0cmFkZXRyYWNrZXIuY29tXC93cC1jb250ZW50XC91cGxvYWRzXC8yMDI2XC8wMlwvR1RUX2luX2FjdGlvbl8yLTEuanBnIiwic2xpZGVzaG93IjoiNjQ5ODQ5MiJ9\" href=\"https:\/\/www.globaltradetracker.com\/wp-content\/uploads\/2026\/02\/GTT_in_action_2-1.jpg\"><figure class=\"swiper-slide-inner\"><img decoding=\"async\" class=\"swiper-slide-image\" src=\"https:\/\/www.globaltradetracker.com\/wp-content\/uploads\/2026\/02\/GTT_in_action_2-1.jpg\" alt=\"GTT Analytics Report: US Importe von Fahrzeugen per Port.\" \/><\/figure><\/a><\/div><div class=\"swiper-slide\" role=\"group\" aria-roledescription=\"slide\" aria-label=\"3 von 3\"><a data-elementor-open-lightbox=\"yes\" data-elementor-lightbox-slideshow=\"6498492\" data-elementor-lightbox-title=\"BRICS: Import von fossiler Energie weltweit.\" data-e-action-hash=\"#elementor-action%3Aaction%3Dlightbox%26settings%3DeyJpZCI6NDY0OSwidXJsIjoiaHR0cHM6XC9cL3d3dy5nbG9iYWx0cmFkZXRyYWNrZXIuY29tXC93cC1jb250ZW50XC91cGxvYWRzXC8yMDI2XC8wMlwvR1RUX2luX2FjdGlvbl8xLTEuanBnIiwic2xpZGVzaG93IjoiNjQ5ODQ5MiJ9\" href=\"https:\/\/www.globaltradetracker.com\/wp-content\/uploads\/2026\/02\/GTT_in_action_1-1.jpg\"><figure class=\"swiper-slide-inner\"><img decoding=\"async\" class=\"swiper-slide-image\" src=\"https:\/\/www.globaltradetracker.com\/wp-content\/uploads\/2026\/02\/GTT_in_action_1-1.jpg\" alt=\"GTT-Analytics Report: Import von fossiler Energie.\" \/><\/figure><\/a><\/div>\t\t\t<\/div>\n\t\t\t\t\t\t\t\t\t\t\t\t<div class=\"elementor-swiper-button elementor-swiper-button-prev\" role=\"button\" tabindex=\"0\">\n\t\t\t\t\t\t<i aria-hidden=\"true\" class=\"eicon-chevron-left\"><\/i>\t\t\t\t\t<\/div>\n\t\t\t\t\t<div class=\"elementor-swiper-button elementor-swiper-button-next\" role=\"button\" tabindex=\"0\">\n\t\t\t\t\t\t<i aria-hidden=\"true\" class=\"eicon-chevron-right\"><\/i>\t\t\t\t\t<\/div>\n\t\t\t\t\n\t\t\t\t\t\t\t\t\t<div class=\"swiper-pagination\"><\/div>\n\t\t\t\t\t\t\t\t\t<\/div>\n\t\t\t\t\t\t<\/div>\n\t\t\t\t<\/div>\n\t\t\t\t<div class=\"elementor-element elementor-element-1d0988d elementor-widget elementor-widget-text-editor\" data-id=\"1d0988d\" data-element_type=\"widget\" data-e-type=\"widget\" data-widget_type=\"text-editor.default\">\n\t\t\t\t<div class=\"elementor-widget-container\">\n\t\t\t\t\t\t\t\t\t<p data-start=\"86\" data-end=\"527\"><strong data-start=\"86\" data-end=\"116\">Global Trade Tracker (GTT)<\/strong> stellt Ihnen leistungsstarke Werkzeuge zur Verf\u00fcgung, mit denen Sie Ihrer Konkurrenz stets einen Schritt voraus sind. Die fundierte Kenntnis und das umfassende Verst\u00e4ndnis Ihrer bestehenden M\u00e4rkte bilden die Grundlage f\u00fcr nachhaltigen Gesch\u00e4ftserfolg. Nutzen Sie GTT, um Handelsstr\u00f6me in verwandten Rohstoffen und L\u00e4ndern gezielt zu analysieren und sich optimal auf zuk\u00fcnftige Herausforderungen vorzubereiten.<\/p><p data-start=\"529\" data-end=\"907\">Amtliche Handelsstatistiken sind weltweit verstreut und h\u00e4ufig schwer zug\u00e4nglich. Die GTT b\u00fcndelt diese Informationen und schafft Transparenz in der globalen Datenlandschaft. GTT steht f\u00fcr Schnelligkeit, Leistungsf\u00e4higkeit und Flexibilit\u00e4t \u2013 kombiniert mit einer intuitiven Bedienung, hoher Anpassungsf\u00e4higkeit, Verl\u00e4sslichkeit sowie einer umfassenden globalen Abdeckung.<\/p><p data-start=\"909\" data-end=\"1218\">\u00dcberzeugen Sie sich selbst \u2013 unverbindlich und <strong>kostenfrei<\/strong>. Gerne geben wir Ihnen eine Pr\u00e4sentation oder einen freien Zugriff an, je nachdem, was f\u00fcr Sie am besten geeignet ist. F\u00fcllen Sie einfach das untenstehende Formular aus, und ein GTT-Mitarbeiter wird sich zeitnah mit Ihnen in Verbindung setzen.<\/p>\t\t\t\t\t\t\t\t<\/div>\n\t\t\t\t<\/div>\n\t\t\t\t\t<\/div>\n\t\t<\/div>\n\t\t\t\t\t<\/div>\n\t\t<\/section>\n\t\t\t\t<section class=\"elementor-section elementor-top-section elementor-element elementor-element-86d55f8 elementor-section-boxed elementor-section-height-default elementor-section-height-default\" data-id=\"86d55f8\" data-element_type=\"section\" data-e-type=\"section\" data-settings=\"{&quot;background_background&quot;:&quot;classic&quot;,&quot;_ha_eqh_enable&quot;:false}\">\n\t\t\t\t\t\t<div class=\"elementor-container elementor-column-gap-default\">\n\t\t\t\t\t<div class=\"elementor-column elementor-col-100 elementor-top-column elementor-element elementor-element-b48a780\" data-id=\"b48a780\" data-element_type=\"column\" data-e-type=\"column\">\n\t\t\t<div class=\"elementor-widget-wrap elementor-element-populated\">\n\t\t\t\t\t\t<div class=\"elementor-element elementor-element-1754de5 elementor-widget elementor-widget-heading\" data-id=\"1754de5\" data-element_type=\"widget\" data-e-type=\"widget\" data-widget_type=\"heading.default\">\n\t\t\t\t<div class=\"elementor-widget-container\">\n\t\t\t\t\t<h3 class=\"elementor-heading-title elementor-size-default\">Ja, bitte kontaktieren Sie mich. <\/h3>\t\t\t\t<\/div>\n\t\t\t\t<\/div>\n\t\t\t\t<div class=\"elementor-element elementor-element-e972ec4 elementor-widget-divider--view-line elementor-widget elementor-widget-divider\" data-id=\"e972ec4\" data-element_type=\"widget\" data-e-type=\"widget\" data-widget_type=\"divider.default\">\n\t\t\t\t<div class=\"elementor-widget-container\">\n\t\t\t\t\t\t\t<div class=\"elementor-divider\">\n\t\t\t<span class=\"elementor-divider-separator\">\n\t\t\t\t\t\t<\/span>\n\t\t<\/div>\n\t\t\t\t\t\t<\/div>\n\t\t\t\t<\/div>\n\t\t\t\t\t<\/div>\n\t\t<\/div>\n\t\t\t\t\t<\/div>\n\t\t<\/section>\n\t\t\t\t<section class=\"elementor-section elementor-top-section elementor-element elementor-element-df27aea elementor-section-boxed elementor-section-height-default elementor-section-height-default\" data-id=\"df27aea\" data-element_type=\"section\" data-e-type=\"section\" data-settings=\"{&quot;background_background&quot;:&quot;classic&quot;,&quot;_ha_eqh_enable&quot;:false}\">\n\t\t\t\t\t\t<div class=\"elementor-container elementor-column-gap-default\">\n\t\t\t\t\t<div class=\"elementor-column elementor-col-100 elementor-top-column elementor-element elementor-element-bcc7212\" data-id=\"bcc7212\" data-element_type=\"column\" data-e-type=\"column\" data-settings=\"{&quot;background_background&quot;:&quot;classic&quot;}\">\n\t\t\t<div class=\"elementor-widget-wrap elementor-element-populated\">\n\t\t\t\t\t\t<div class=\"elementor-element elementor-element-e2f5ed3 elementor-widget elementor-widget-text-editor\" data-id=\"e2f5ed3\" data-element_type=\"widget\" data-e-type=\"widget\" data-widget_type=\"text-editor.default\">\n\t\t\t\t<div class=\"elementor-widget-container\">\n\t\t\t\t\t\t\t\t\t<p>Die mit Stern* gekennzeichneten Felder sind Pflichtfelder.<\/p>\t\t\t\t\t\t\t\t<\/div>\n\t\t\t\t<\/div>\n\t\t\t\t<div class=\"elementor-element elementor-element-e64f3b8 elementor-button-align-stretch elementor-widget elementor-widget-form\" data-id=\"e64f3b8\" data-element_type=\"widget\" data-e-type=\"widget\" data-settings=\"{&quot;step_next_label&quot;:&quot;Weiter&quot;,&quot;step_previous_label&quot;:&quot;Vorheriger&quot;,&quot;button_width&quot;:&quot;100&quot;,&quot;step_type&quot;:&quot;number_text&quot;,&quot;step_icon_shape&quot;:&quot;circle&quot;}\" data-widget_type=\"form.default\">\n\t\t\t\t<div class=\"elementor-widget-container\">\n\t\t\t\t\t\t\t<form class=\"elementor-form\" method=\"post\" id=\"elementor_post_2299_form_neues-formular\" name=\"Neues Formular\" aria-label=\"Neues Formular\">\n\t\t\t<input type=\"hidden\" name=\"post_id\" value=\"2299\"\/>\n\t\t\t<input type=\"hidden\" name=\"form_id\" value=\"e64f3b8\"\/>\n\t\t\t<input type=\"hidden\" name=\"referer_title\" value=\"\" \/>\n\n\t\t\t\n\t\t\t<div class=\"elementor-form-fields-wrapper elementor-labels-above\">\n\t\t\t\t\t\t\t\t<div class=\"elementor-field-type-text elementor-field-group elementor-column elementor-field-group-field_d0da516 elementor-col-50 label-none lsfef-form-style  \" data-lsfef-style=\"none\">\n\t\t\t\t\t\t\t\t\t\t\t\t\t<input size=\"1\" type=\"text\" name=\"form_fields[field_d0da516]\" id=\"form-field-field_d0da516\" class=\"elementor-field elementor-size-lg  elementor-field-textual\" placeholder=\"Thema\">\n\t\t\t\t\t\t\t\t\t\t\t<\/div>\n\t\t\t\t\t\t\t\t<div class=\"elementor-field-type-text elementor-field-group elementor-column elementor-field-group-field_2a1f09f elementor-col-50 label-none lsfef-form-style  \" data-lsfef-style=\"none\">\n\t\t\t\t\t\t\t\t\t\t\t\t\t<input size=\"1\" type=\"text\" name=\"form_fields[field_2a1f09f]\" id=\"form-field-field_2a1f09f\" class=\"elementor-field elementor-size-lg  elementor-field-textual\" placeholder=\"Firma\">\n\t\t\t\t\t\t\t\t\t\t\t<\/div>\n\t\t\t\t\t\t\t\t<div class=\"elementor-field-type-text elementor-field-group elementor-column elementor-field-group-field_e9fa40d elementor-col-50 elementor-field-required label-none lsfef-form-style  \" data-lsfef-style=\"none\">\n\t\t\t\t\t\t\t\t\t\t\t\t\t<input size=\"1\" type=\"text\" name=\"form_fields[field_e9fa40d]\" id=\"form-field-field_e9fa40d\" class=\"elementor-field elementor-size-lg  elementor-field-textual\" placeholder=\"Name*\" required=\"required\">\n\t\t\t\t\t\t\t\t\t\t\t<\/div>\n\t\t\t\t\t\t\t\t<div class=\"elementor-field-type-text elementor-field-group elementor-column elementor-field-group-field_923189a elementor-col-50 label-none lsfef-form-style  \" data-lsfef-style=\"none\">\n\t\t\t\t\t\t\t\t\t\t\t\t\t<input size=\"1\" type=\"text\" name=\"form_fields[field_923189a]\" id=\"form-field-field_923189a\" class=\"elementor-field elementor-size-lg  elementor-field-textual\" placeholder=\"Adresse\">\n\t\t\t\t\t\t\t\t\t\t\t<\/div>\n\t\t\t\t\t\t\t\t<div class=\"elementor-field-type-email elementor-field-group elementor-column elementor-field-group-field_35df1eb elementor-col-50 elementor-field-required label-none lsfef-form-style  \" data-lsfef-style=\"none\">\n\t\t\t\t\t\t\t\t\t\t\t\t\t<input size=\"1\" type=\"email\" name=\"form_fields[field_35df1eb]\" id=\"form-field-field_35df1eb\" class=\"elementor-field elementor-size-lg  elementor-field-textual\" placeholder=\"E-Mail*\" required=\"required\">\n\t\t\t\t\t\t\t\t\t\t\t<\/div>\n\t\t\t\t\t\t\t\t<div class=\"elementor-field-type-text elementor-field-group elementor-column elementor-field-group-field_d0c2065 elementor-col-50 label-none lsfef-form-style  \" data-lsfef-style=\"none\">\n\t\t\t\t\t\t\t\t\t\t\t\t\t<input size=\"1\" type=\"text\" name=\"form_fields[field_d0c2065]\" id=\"form-field-field_d0c2065\" class=\"elementor-field elementor-size-lg  elementor-field-textual\" placeholder=\"Stadt\">\n\t\t\t\t\t\t\t\t\t\t\t<\/div>\n\t\t\t\t\t\t\t\t<div class=\"elementor-field-type-tel elementor-field-group elementor-column elementor-field-group-field_1c75061 elementor-col-50 elementor-field-required label-none lsfef-form-style  \" data-lsfef-style=\"none\">\n\t\t\t\t\t<span class=\"ccfef-editor-intl-input\" data-id=\"form-field-field_1c75061\" data-field-id=\"1c75061\" data-default-country=\"us\" data-include-countries=\"\" data-exclude-countries=\"\" data-common-countries=\"same\" data-prefer-countries=\"\" data-auto-detect-country=\"yes\" data-strict-mode=\"no\" data-internationalisation=\"en\"\r\n\t\t\t\t\t\tdata-show-flags=\"yes\" data-dial-code-visibility=\"show\" style=\"display: none;\"><\/span>\t\t<input size=\"1\" type=\"tel\" name=\"form_fields[field_1c75061]\" id=\"form-field-field_1c75061\" class=\"elementor-field elementor-size-lg  elementor-field-textual\" placeholder=\"Telefon*\" required=\"required\" pattern=\"[0-9()#&amp;+*-=.]+\" title=\"Nur Nummern oder Telefon-Zeichen (#, -, *, etc) werden akzeptiert.\">\n\n\t\t\t\t\t\t<\/div>\n\t\t\t\t\t\t\t\t<div class=\"elementor-field-type-text elementor-field-group elementor-column elementor-field-group-field_1c50386 elementor-col-50 label-none lsfef-form-style  \" data-lsfef-style=\"none\">\n\t\t\t\t\t\t\t\t\t\t\t\t\t<input size=\"1\" type=\"text\" name=\"form_fields[field_1c50386]\" id=\"form-field-field_1c50386\" class=\"elementor-field elementor-size-lg  elementor-field-textual\" placeholder=\"PLZ\">\n\t\t\t\t\t\t\t\t\t\t\t<\/div>\n\t\t\t\t\t\t\t\t<div class=\"elementor-field-type-country elementor-field-group elementor-column elementor-field-group-field_2e7eb61 elementor-col-100 label-none lsfef-form-style  \" data-lsfef-style=\"none\">\n\t\t\t\t\t<input type=\"country\" name=\"form_fields[field_2e7eb61]\" id=\"form-field-field_2e7eb61\" class=\"elementor-field elementor-size-lg  elementor-country-field elementor-field-textual field_2e7eb61\"><span class=\"country_error\" style=\"display: none; color: red;\"><\/span><span class=\"cfef-editor-intl-input\" data-id=\"form-field-field_2e7eb61\" data-field-id=\"2e7eb61\" data-default-country=\"us\" data-include-countries=\"\" data-exclude-countries=\"\" data-preferred-countries=\"\" data-auto-detect-country=\"yes\" data-common-countries=\"\" data-internationalisation=\"en\"\r\n\t\t\t\t\t\tdata-show-flags=\"yes\" style=\"display: none;\"><\/span>\t\t\t\t<\/div>\n\t\t\t\t\t\t\t\t<div class=\"elementor-field-type-textarea elementor-field-group elementor-column elementor-field-group-field_c077f23 elementor-col-100 elementor-field-required label-none lsfef-form-style  \" data-lsfef-style=\"none\">\n\t\t\t\t\t<textarea class=\"elementor-field-textual elementor-field  elementor-size-lg\" name=\"form_fields[field_c077f23]\" id=\"form-field-field_c077f23\" rows=\"4\" placeholder=\"Nachricht*\" required=\"required\"><\/textarea>\t\t\t\t<\/div>\n\t\t\t\t\t\t\t\t<div class=\"elementor-field-type-frcaptcha elementor-field-group elementor-column elementor-field-group-field_498a88f elementor-col-100  \">\n\t\t\t\t\t<div class=\"frc-captcha \" data-sitekey=\"FCMKF622J71BPCV9\" data-lang=\"de\" ><\/div>\n\t\t<noscript>You need to enable Javascript for the anti-spam check.<\/noscript><style>.frc-captcha {max-width: 100%; width:100%}<\/style><input type=\"frcaptcha text\" name=\"form_fields[field_498a88f]\" id=\"form-field-field_498a88f\" class=\"elementor-field elementor-size-lg \" style=\"display: none\">\t\t\t\t<\/div>\n\t\t\t\t\t\t\t\t<div class=\"elementor-field-type-text\">\n\t\t\t\t\t<input size=\"1\" type=\"text\" name=\"form_fields[field_825c0dc]\" id=\"form-field-field_825c0dc\" class=\"elementor-field elementor-size-lg \" style=\"display:none !important;\">\t\t\t\t<\/div>\n\t\t\t\t\t\t\t\t<div class=\"elementor-field-group elementor-column elementor-field-type-submit elementor-col-100 e-form__buttons\">\n\t\t\t\t\t<button class=\"elementor-button elementor-size-md\" type=\"submit\">\n\t\t\t\t\t\t<span class=\"elementor-button-content-wrapper\">\n\t\t\t\t\t\t\t\t\t\t\t\t\t\t\t\t\t\t\t\t\t\t<span class=\"elementor-button-text\">Senden<\/span>\n\t\t\t\t\t\t\t\t\t\t\t\t\t<\/span>\n\t\t\t\t\t<\/button>\n\t\t\t\t<\/div>\n\t\t\t<\/div>\n\t\t<\/form>\n\t\t\t\t\t\t<\/div>\n\t\t\t\t<\/div>\n\t\t\t\t<div class=\"elementor-element elementor-element-1d52390 elementor-widget elementor-widget-text-editor\" data-id=\"1d52390\" data-element_type=\"widget\" data-e-type=\"widget\" data-widget_type=\"text-editor.default\">\n\t\t\t\t<div class=\"elementor-widget-container\">\n\t\t\t\t\t\t\t\t\t<p style=\"text-align: left;\">Bitte beachten Sie: Die amtliche Handelsstatistik erfasst keine einzelnen Transaktionen\/Versendungen.<br \/>Es handelt sich um die monatlichen Gesamtwerte, die nach Warennummern zusammengefasst sind.<br \/>Die amtliche Handelsstatistik enth\u00e4lt daher KEINE Firmennamen<br \/>oder Mengen\/Werte in Bezug auf einzelne Sendungen.<\/p>\n\t\t\t\t\t\t\t\t<\/div>\n\t\t\t\t<\/div>\n\t\t\t\t\t<\/div>\n\t\t<\/div>\n\t\t\t\t\t<\/div>\n\t\t<\/section>\n\t\t\t\t<section class=\"elementor-section elementor-top-section elementor-element elementor-element-efce740 elementor-section-boxed elementor-section-height-default elementor-section-height-default\" data-id=\"efce740\" data-element_type=\"section\" data-e-type=\"section\" data-settings=\"{&quot;_ha_eqh_enable&quot;:false}\">\n\t\t\t\t\t\t<div class=\"elementor-container elementor-column-gap-default\">\n\t\t\t\t\t<div class=\"elementor-column elementor-col-100 elementor-top-column elementor-element elementor-element-ee9e172\" data-id=\"ee9e172\" data-element_type=\"column\" data-e-type=\"column\">\n\t\t\t<div class=\"elementor-widget-wrap\">\n\t\t\t\t\t\t\t<\/div>\n\t\t<\/div>\n\t\t\t\t\t<\/div>\n\t\t<\/section>\n\t\t\t\t<\/div>\n\t\t","protected":false},"excerpt":{"rendered":"<p>GTT: Ein wertvolles Werkzeug f\u00fcr Markt-Analysen Global Trade Tracker (GTT) stellt Ihnen leistungsstarke Werkzeuge zur Verf\u00fcgung, mit denen Sie Ihrer Konkurrenz stets einen Schritt voraus sind. Die fundierte Kenntnis und das umfassende Verst\u00e4ndnis Ihrer bestehenden M\u00e4rkte bilden die Grundlage f\u00fcr nachhaltigen Gesch\u00e4ftserfolg. Nutzen Sie GTT, um Handelsstr\u00f6me in verwandten Rohstoffen und L\u00e4ndern gezielt zu analysieren [&hellip;]<\/p>\n","protected":false},"author":2,"featured_media":0,"parent":0,"menu_order":22,"comment_status":"closed","ping_status":"closed","template":"elementor_header_footer","meta":{"om_disable_all_campaigns":false,"_monsterinsights_skip_tracking":false,"_monsterinsights_sitenote_active":false,"_monsterinsights_sitenote_note":"","_monsterinsights_sitenote_category":0,"footnotes":""},"class_list":["post-2299","page","type-page","status-publish","hentry"],"aioseo_notices":[],"_links":{"self":[{"href":"https:\/\/www.globaltradetracker.com\/de\/wp-json\/wp\/v2\/pages\/2299","targetHints":{"allow":["GET"]}}],"collection":[{"href":"https:\/\/www.globaltradetracker.com\/de\/wp-json\/wp\/v2\/pages"}],"about":[{"href":"https:\/\/www.globaltradetracker.com\/de\/wp-json\/wp\/v2\/types\/page"}],"author":[{"embeddable":true,"href":"https:\/\/www.globaltradetracker.com\/de\/wp-json\/wp\/v2\/users\/2"}],"replies":[{"embeddable":true,"href":"https:\/\/www.globaltradetracker.com\/de\/wp-json\/wp\/v2\/comments?post=2299"}],"version-history":[{"count":30,"href":"https:\/\/www.globaltradetracker.com\/de\/wp-json\/wp\/v2\/pages\/2299\/revisions"}],"predecessor-version":[{"id":4834,"href":"https:\/\/www.globaltradetracker.com\/de\/wp-json\/wp\/v2\/pages\/2299\/revisions\/4834"}],"wp:attachment":[{"href":"https:\/\/www.globaltradetracker.com\/de\/wp-json\/wp\/v2\/media?parent=2299"}],"curies":[{"name":"wp","href":"https:\/\/api.w.org\/{rel}","templated":true}]}}