{"id":2297,"date":"2020-09-18T07:47:31","date_gmt":"2020-09-18T07:47:31","guid":{"rendered":"https:\/\/www.globaltradetracker.com\/evaluieren-gtt\/"},"modified":"2026-02-25T11:32:51","modified_gmt":"2026-02-25T10:32:51","slug":"evaluieren-gtt","status":"publish","type":"page","link":"https:\/\/www.globaltradetracker.com\/de\/evaluieren-gtt\/","title":{"rendered":"GTT auswerten"},"content":{"rendered":"\t\t<div data-elementor-type=\"wp-page\" data-elementor-id=\"2297\" class=\"elementor elementor-2297 elementor-462\" data-elementor-settings=\"{&quot;ha_cmc_init_switcher&quot;:&quot;no&quot;}\" data-elementor-post-type=\"page\">\n\t\t\t\t\t\t<section class=\"elementor-section elementor-top-section elementor-element elementor-element-d190b64 elementor-section-boxed elementor-section-height-default elementor-section-height-default\" data-id=\"d190b64\" data-element_type=\"section\" data-e-type=\"section\" data-settings=\"{&quot;background_background&quot;:&quot;classic&quot;,&quot;_ha_eqh_enable&quot;:false}\">\n\t\t\t\t\t\t\t<div class=\"elementor-background-overlay\"><\/div>\n\t\t\t\t\t\t\t<div class=\"elementor-container elementor-column-gap-default\">\n\t\t\t\t\t<div class=\"elementor-column elementor-col-100 elementor-top-column elementor-element elementor-element-61d9752\" data-id=\"61d9752\" data-element_type=\"column\" data-e-type=\"column\">\n\t\t\t<div class=\"elementor-widget-wrap elementor-element-populated\">\n\t\t\t\t\t\t<div class=\"elementor-element elementor-element-5508555 elementor-widget elementor-widget-heading\" data-id=\"5508555\" data-element_type=\"widget\" data-e-type=\"widget\" data-widget_type=\"heading.default\">\n\t\t\t\t<div class=\"elementor-widget-container\">\n\t\t\t\t\t<p class=\"elementor-heading-title elementor-size-default\">Evaluieren GTT<\/p>\t\t\t\t<\/div>\n\t\t\t\t<\/div>\n\t\t\t\t\t<\/div>\n\t\t<\/div>\n\t\t\t\t\t<\/div>\n\t\t<\/section>\n\t\t\t\t<section class=\"elementor-section elementor-top-section elementor-element elementor-element-591a9ab elementor-section-boxed elementor-section-height-default elementor-section-height-default\" data-id=\"591a9ab\" data-element_type=\"section\" data-e-type=\"section\" data-settings=\"{&quot;background_background&quot;:&quot;classic&quot;,&quot;_ha_eqh_enable&quot;:false}\">\n\t\t\t\t\t\t<div class=\"elementor-container elementor-column-gap-default\">\n\t\t\t\t\t<div class=\"elementor-column elementor-col-50 elementor-top-column elementor-element elementor-element-35056ca elementor-hidden-tablet elementor-hidden-mobile\" data-id=\"35056ca\" data-element_type=\"column\" data-e-type=\"column\" data-settings=\"{&quot;background_background&quot;:&quot;classic&quot;}\">\n\t\t\t<div class=\"elementor-widget-wrap elementor-element-populated\">\n\t\t\t\t\t\t<div class=\"elementor-element elementor-element-557ff4e elementor-view-default elementor-widget elementor-widget-icon\" data-id=\"557ff4e\" data-element_type=\"widget\" data-e-type=\"widget\" data-widget_type=\"icon.default\">\n\t\t\t\t<div class=\"elementor-widget-container\">\n\t\t\t\t\t\t\t<div class=\"elementor-icon-wrapper\">\n\t\t\t<div class=\"elementor-icon\">\n\t\t\t<i aria-hidden=\"true\" class=\"hm hm-layer\"><\/i>\t\t\t<\/div>\n\t\t<\/div>\n\t\t\t\t\t\t<\/div>\n\t\t\t\t<\/div>\n\t\t\t\t\t<\/div>\n\t\t<\/div>\n\t\t\t\t<div class=\"elementor-column elementor-col-50 elementor-top-column elementor-element elementor-element-f2e762b\" data-id=\"f2e762b\" data-element_type=\"column\" data-e-type=\"column\">\n\t\t\t<div class=\"elementor-widget-wrap elementor-element-populated\">\n\t\t\t\t\t\t<div class=\"elementor-element elementor-element-7003691 elementor-widget elementor-widget-heading\" data-id=\"7003691\" data-element_type=\"widget\" data-e-type=\"widget\" data-widget_type=\"heading.default\">\n\t\t\t\t<div class=\"elementor-widget-container\">\n\t\t\t\t\t<h2 class=\"elementor-heading-title elementor-size-default\">Haben Sie Zeit GTT zu testen?<\/h2>\t\t\t\t<\/div>\n\t\t\t\t<\/div>\n\t\t\t\t<div class=\"elementor-element elementor-element-b3547b9 elementor-widget elementor-widget-text-editor\" data-id=\"b3547b9\" data-element_type=\"widget\" data-e-type=\"widget\" data-widget_type=\"text-editor.default\">\n\t\t\t\t<div class=\"elementor-widget-container\">\n\t\t\t\t\t\t\t\t\t<p style=\"text-align: left;\">Amtliche Handelsstatistiken vieler L\u00e4nder existieren in verschiedensten Formaten. Das GTT-Team ladet Daten von mehr als 200 L\u00e4ndern in eine hochverf\u00fcgbare Datenbank. GTT ist schnell, leistungsstark, flexibel, intuitiv, anpassbar, verl\u00e4sslich, proaktiv, global und umfassend.<\/p><p style=\"text-align: left;\">Sind Sie bereit, sich selbst davon zu \u00fcberzeugen \u2013 und das v\u00f6llig kostenlos? Gerne stellen wir Ihnen unser Produkt im Rahmen einer individuellen Pr\u00e4sentation vor. F\u00fcllen Sie das untenstehende Formular aus und ein GTT-Mitarbeiter wird sich so schnell wie m\u00f6glich mit Ihnen in Verbindung setzen.\u00a0<\/p>\t\t\t\t\t\t\t\t<\/div>\n\t\t\t\t<\/div>\n\t\t\t\t\t<\/div>\n\t\t<\/div>\n\t\t\t\t\t<\/div>\n\t\t<\/section>\n\t\t\t\t<section class=\"elementor-section elementor-top-section elementor-element elementor-element-5eb897c elementor-section-boxed elementor-section-height-default elementor-section-height-default\" data-id=\"5eb897c\" data-element_type=\"section\" data-e-type=\"section\" data-settings=\"{&quot;background_background&quot;:&quot;classic&quot;,&quot;_ha_eqh_enable&quot;:false}\">\n\t\t\t\t\t\t<div class=\"elementor-container elementor-column-gap-default\">\n\t\t\t\t\t<div class=\"elementor-column elementor-col-100 elementor-top-column elementor-element elementor-element-9330179\" data-id=\"9330179\" data-element_type=\"column\" data-e-type=\"column\">\n\t\t\t<div class=\"elementor-widget-wrap elementor-element-populated\">\n\t\t\t\t\t\t<div class=\"elementor-element elementor-element-c6882fb elementor-widget elementor-widget-heading\" data-id=\"c6882fb\" data-element_type=\"widget\" data-e-type=\"widget\" data-widget_type=\"heading.default\">\n\t\t\t\t<div class=\"elementor-widget-container\">\n\t\t\t\t\t<h3 class=\"elementor-heading-title elementor-size-default\">Ja gerne, kontaktieren Sie mich um einen kostenlosen Zugang zu GTT zu erhalten.<\/h3>\t\t\t\t<\/div>\n\t\t\t\t<\/div>\n\t\t\t\t<div class=\"elementor-element elementor-element-d1a5730 elementor-widget-divider--view-line elementor-widget elementor-widget-divider\" data-id=\"d1a5730\" data-element_type=\"widget\" data-e-type=\"widget\" data-widget_type=\"divider.default\">\n\t\t\t\t<div class=\"elementor-widget-container\">\n\t\t\t\t\t\t\t<div class=\"elementor-divider\">\n\t\t\t<span class=\"elementor-divider-separator\">\n\t\t\t\t\t\t<\/span>\n\t\t<\/div>\n\t\t\t\t\t\t<\/div>\n\t\t\t\t<\/div>\n\t\t\t\t<div class=\"elementor-element elementor-element-4f25883 elementor-button-align-stretch elementor-widget elementor-widget-form\" data-id=\"4f25883\" data-element_type=\"widget\" data-e-type=\"widget\" data-settings=\"{&quot;step_next_label&quot;:&quot;Next&quot;,&quot;step_previous_label&quot;:&quot;Previous&quot;,&quot;button_width&quot;:&quot;100&quot;,&quot;step_type&quot;:&quot;number_text&quot;,&quot;step_icon_shape&quot;:&quot;circle&quot;}\" data-widget_type=\"form.default\">\n\t\t\t\t<div class=\"elementor-widget-container\">\n\t\t\t\t\t\t\t<form class=\"elementor-form\" method=\"post\" id=\"elementor_post_2297_form_de_evaluate_form\" name=\"de_evaluate_form\" aria-label=\"de_evaluate_form\">\n\t\t\t<input type=\"hidden\" name=\"post_id\" value=\"2297\"\/>\n\t\t\t<input type=\"hidden\" name=\"form_id\" value=\"4f25883\"\/>\n\t\t\t<input type=\"hidden\" name=\"referer_title\" value=\"\" \/>\n\n\t\t\t\n\t\t\t<div class=\"elementor-form-fields-wrapper elementor-labels-above\">\n\t\t\t\t\t\t\t\t<div class=\"elementor-field-type-text elementor-field-group elementor-column elementor-field-group-field_d0da516 elementor-col-50 label-Style_Four lsfef-form-style  \" data-lsfef-style=\"Style_Four\">\n\t\t\t\t\t\t\t\t\t\t\t\t\t<input size=\"1\" type=\"text\" name=\"form_fields[field_d0da516]\" id=\"form-field-field_d0da516\" class=\"elementor-field elementor-size-lg  elementor-field-textual\" placeholder=\"Titel\">\n\t\t\t\t\t\t\t\t\t\t\t<\/div>\n\t\t\t\t\t\t\t\t<div class=\"elementor-field-type-text elementor-field-group elementor-column elementor-field-group-field_2a1f09f elementor-col-50 label-Style_Four lsfef-form-style  \" data-lsfef-style=\"Style_Four\">\n\t\t\t\t\t\t\t\t\t\t\t\t\t<input size=\"1\" type=\"text\" name=\"form_fields[field_2a1f09f]\" id=\"form-field-field_2a1f09f\" class=\"elementor-field elementor-size-lg  elementor-field-textual\" placeholder=\"Firma\">\n\t\t\t\t\t\t\t\t\t\t\t<\/div>\n\t\t\t\t\t\t\t\t<div class=\"elementor-field-type-text elementor-field-group elementor-column elementor-field-group-field_e9fa40d elementor-col-50 label-Style_Four lsfef-form-style  \" data-lsfef-style=\"Style_Four\">\n\t\t\t\t\t\t\t\t\t\t\t\t\t<input size=\"1\" type=\"text\" name=\"form_fields[field_e9fa40d]\" id=\"form-field-field_e9fa40d\" class=\"elementor-field elementor-size-lg  elementor-field-textual\" placeholder=\"Name\">\n\t\t\t\t\t\t\t\t\t\t\t<\/div>\n\t\t\t\t\t\t\t\t<div class=\"elementor-field-type-text elementor-field-group elementor-column elementor-field-group-field_923189a elementor-col-50 label-Style_Four lsfef-form-style  \" data-lsfef-style=\"Style_Four\">\n\t\t\t\t\t\t\t\t\t\t\t\t\t<input size=\"1\" type=\"text\" name=\"form_fields[field_923189a]\" id=\"form-field-field_923189a\" class=\"elementor-field elementor-size-lg  elementor-field-textual\" placeholder=\"Adresse\">\n\t\t\t\t\t\t\t\t\t\t\t<\/div>\n\t\t\t\t\t\t\t\t<div class=\"elementor-field-type-email elementor-field-group elementor-column elementor-field-group-field_35df1eb elementor-col-50 label-Style_Four lsfef-form-style  \" data-lsfef-style=\"Style_Four\">\n\t\t\t\t\t\t\t\t\t\t\t\t\t<input size=\"1\" type=\"email\" name=\"form_fields[field_35df1eb]\" id=\"form-field-field_35df1eb\" class=\"elementor-field elementor-size-lg  elementor-field-textual\" placeholder=\"E-Mail\">\n\t\t\t\t\t\t\t\t\t\t\t<\/div>\n\t\t\t\t\t\t\t\t<div class=\"elementor-field-type-text elementor-field-group elementor-column elementor-field-group-field_d0c2065 elementor-col-50 label-Style_Four lsfef-form-style  \" data-lsfef-style=\"Style_Four\">\n\t\t\t\t\t\t\t\t\t\t\t\t\t<input size=\"1\" type=\"text\" name=\"form_fields[field_d0c2065]\" id=\"form-field-field_d0c2065\" class=\"elementor-field elementor-size-lg  elementor-field-textual\" placeholder=\"Ort\">\n\t\t\t\t\t\t\t\t\t\t\t<\/div>\n\t\t\t\t\t\t\t\t<div class=\"elementor-field-type-tel elementor-field-group elementor-column elementor-field-group-field_1c75061 elementor-col-50 label-Style_Four lsfef-form-style  \" data-lsfef-style=\"Style_Four\">\n\t\t\t\t\t<span class=\"ccfef-editor-intl-input\" data-id=\"form-field-field_1c75061\" data-field-id=\"1c75061\" data-default-country=\"de\" data-include-countries=\"\" data-exclude-countries=\"\" data-common-countries=\"same\" data-prefer-countries=\"\" data-auto-detect-country=\"yes\" data-strict-mode=\"no\" data-internationalisation=\"en\"\r\n\t\t\t\t\t\tdata-show-flags=\"yes\" data-dial-code-visibility=\"show\" style=\"display: none;\"><\/span>\t\t<input size=\"1\" type=\"tel\" name=\"form_fields[field_1c75061]\" id=\"form-field-field_1c75061\" class=\"elementor-field elementor-size-lg  elementor-field-textual\" placeholder=\"Telefon\" pattern=\"[0-9()#&amp;+*-=.]+\" title=\"Nur Nummern oder Telefon-Zeichen (#, -, *, etc) werden akzeptiert.\">\n\n\t\t\t\t\t\t<\/div>\n\t\t\t\t\t\t\t\t<div class=\"elementor-field-type-text elementor-field-group elementor-column elementor-field-group-field_1c50386 elementor-col-50 label-Style_Four lsfef-form-style  \" data-lsfef-style=\"Style_Four\">\n\t\t\t\t\t\t\t\t\t\t\t\t\t<input size=\"1\" type=\"text\" name=\"form_fields[field_1c50386]\" id=\"form-field-field_1c50386\" class=\"elementor-field elementor-size-lg  elementor-field-textual\" placeholder=\"PLZ\">\n\t\t\t\t\t\t\t\t\t\t\t<\/div>\n\t\t\t\t\t\t\t\t<div class=\"elementor-field-type-country elementor-field-group elementor-column elementor-field-group-field_2e7eb61 elementor-col-100 label-Style_Four lsfef-form-style  \" data-lsfef-style=\"Style_Four\">\n\t\t\t\t\t<input type=\"country\" name=\"form_fields[field_2e7eb61]\" id=\"form-field-field_2e7eb61\" class=\"elementor-field elementor-size-lg  elementor-country-field elementor-field-textual field_2e7eb61\"><span class=\"country_error\" style=\"display: none; color: red;\"><\/span><span class=\"cfef-editor-intl-input\" data-id=\"form-field-field_2e7eb61\" data-field-id=\"2e7eb61\" data-default-country=\"de\" data-include-countries=\"\" data-exclude-countries=\"\" data-preferred-countries=\"\" data-auto-detect-country=\"yes\" data-common-countries=\"\" data-internationalisation=\"en\"\r\n\t\t\t\t\t\tdata-show-flags=\"yes\" style=\"display: none;\"><\/span>\t\t\t\t<\/div>\n\t\t\t\t\t\t\t\t<div class=\"elementor-field-type-textarea elementor-field-group elementor-column elementor-field-group-field_c077f23 elementor-col-100 label-Style_Four lsfef-form-style  \" data-lsfef-style=\"Style_Four\">\n\t\t\t\t\t<textarea class=\"elementor-field-textual elementor-field  elementor-size-lg\" name=\"form_fields[field_c077f23]\" id=\"form-field-field_c077f23\" rows=\"4\" placeholder=\"Ihre Nachricht\"><\/textarea>\t\t\t\t<\/div>\n\t\t\t\t\t\t\t\t<div class=\"elementor-field-type-frcaptcha elementor-field-group elementor-column elementor-field-group-field_ebf479a elementor-col-100  \">\n\t\t\t\t\t<div class=\"frc-captcha \" data-sitekey=\"FCMKF622J71BPCV9\" data-lang=\"de\" ><\/div>\n\t\t<noscript>You need to enable Javascript for the anti-spam check.<\/noscript><style>.frc-captcha {max-width: 100%; width:100%}<\/style><input type=\"frcaptcha text\" name=\"form_fields[field_ebf479a]\" id=\"form-field-field_ebf479a\" class=\"elementor-field elementor-size-lg \" style=\"display: none\">\t\t\t\t<\/div>\n\t\t\t\t\t\t\t\t<div class=\"elementor-field-type-text\">\n\t\t\t\t\t<input size=\"1\" type=\"text\" name=\"form_fields[field_45e834b]\" id=\"form-field-field_45e834b\" class=\"elementor-field elementor-size-lg \" style=\"display:none !important;\">\t\t\t\t<\/div>\n\t\t\t\t\t\t\t\t<div class=\"elementor-field-group elementor-column elementor-field-type-submit elementor-col-100 e-form__buttons\">\n\t\t\t\t\t<button class=\"elementor-button elementor-size-md\" type=\"submit\">\n\t\t\t\t\t\t<span class=\"elementor-button-content-wrapper\">\n\t\t\t\t\t\t\t\t\t\t\t\t\t\t\t\t\t\t\t\t\t\t<span class=\"elementor-button-text\">Send<\/span>\n\t\t\t\t\t\t\t\t\t\t\t\t\t<\/span>\n\t\t\t\t\t<\/button>\n\t\t\t\t<\/div>\n\t\t\t<\/div>\n\t\t<\/form>\n\t\t\t\t\t\t<\/div>\n\t\t\t\t<\/div>\n\t\t\t\t<div class=\"elementor-element elementor-element-22ca831 elementor-widget elementor-widget-text-editor\" data-id=\"22ca831\" data-element_type=\"widget\" data-e-type=\"widget\" data-widget_type=\"text-editor.default\">\n\t\t\t\t<div class=\"elementor-widget-container\">\n\t\t\t\t\t\t\t\t\t<p style=\"text-align: left;\">Bitte beachten Sie: Die amtliche Handelsstatistik erfasst keine einzelnen Transaktionen\/Versendungen.<\/p><p style=\"text-align: left;\">Es handelt sich um die monatlichen Gesamtwerte, die nach Warennummern zusammengefasst sind.<\/p><p style=\"text-align: left;\">Die amtliche Handelsstatistik enth\u00e4lt daher KEINE Firmennamen<br \/>oder Mengen\/Werte in Bezug auf einzelne Sendungen.<\/p>\t\t\t\t\t\t\t\t<\/div>\n\t\t\t\t<\/div>\n\t\t\t\t\t<\/div>\n\t\t<\/div>\n\t\t\t\t\t<\/div>\n\t\t<\/section>\n\t\t\t\t<\/div>\n\t\t","protected":false},"excerpt":{"rendered":"<p>Evaluieren GTT Haben Sie Zeit GTT zu testen? Amtliche Handelsstatistiken vieler L\u00e4nder existieren in verschiedensten Formaten. Das GTT-Team ladet Daten von mehr als 200 L\u00e4ndern in eine hochverf\u00fcgbare Datenbank. GTT ist schnell, leistungsstark, flexibel, intuitiv, anpassbar, verl\u00e4sslich, proaktiv, global und umfassend. Sind Sie bereit, sich selbst davon zu \u00fcberzeugen \u2013 und das v\u00f6llig kostenlos? Gerne [&hellip;]<\/p>\n","protected":false},"author":4,"featured_media":0,"parent":0,"menu_order":33,"comment_status":"closed","ping_status":"closed","template":"elementor_header_footer","meta":{"om_disable_all_campaigns":false,"_monsterinsights_skip_tracking":false,"_monsterinsights_sitenote_active":false,"_monsterinsights_sitenote_note":"","_monsterinsights_sitenote_category":0,"footnotes":""},"class_list":["post-2297","page","type-page","status-publish","hentry"],"aioseo_notices":[],"_links":{"self":[{"href":"https:\/\/www.globaltradetracker.com\/de\/wp-json\/wp\/v2\/pages\/2297","targetHints":{"allow":["GET"]}}],"collection":[{"href":"https:\/\/www.globaltradetracker.com\/de\/wp-json\/wp\/v2\/pages"}],"about":[{"href":"https:\/\/www.globaltradetracker.com\/de\/wp-json\/wp\/v2\/types\/page"}],"author":[{"embeddable":true,"href":"https:\/\/www.globaltradetracker.com\/de\/wp-json\/wp\/v2\/users\/4"}],"replies":[{"embeddable":true,"href":"https:\/\/www.globaltradetracker.com\/de\/wp-json\/wp\/v2\/comments?post=2297"}],"version-history":[{"count":47,"href":"https:\/\/www.globaltradetracker.com\/de\/wp-json\/wp\/v2\/pages\/2297\/revisions"}],"predecessor-version":[{"id":4846,"href":"https:\/\/www.globaltradetracker.com\/de\/wp-json\/wp\/v2\/pages\/2297\/revisions\/4846"}],"wp:attachment":[{"href":"https:\/\/www.globaltradetracker.com\/de\/wp-json\/wp\/v2\/media?parent=2297"}],"curies":[{"name":"wp","href":"https:\/\/api.w.org\/{rel}","templated":true}]}}