{"id":2293,"date":"2022-04-22T08:39:23","date_gmt":"2022-04-22T06:39:23","guid":{"rendered":"https:\/\/www.globaltradetracker.com\/lp-internationale-aussenhandels-analysen\/"},"modified":"2025-06-19T15:38:39","modified_gmt":"2025-06-19T14:38:39","slug":"lp-internationale-aussenhandels-analysen","status":"publish","type":"page","link":"https:\/\/www.globaltradetracker.com\/de\/lp-internationale-aussenhandels-analysen\/","title":{"rendered":"LP: Analyse der internationalen Handelsstr\u00f6me"},"content":{"rendered":"\t\t<div data-elementor-type=\"wp-page\" data-elementor-id=\"2293\" class=\"elementor elementor-2293 elementor-1837\" data-elementor-settings=\"{&quot;ha_cmc_init_switcher&quot;:&quot;no&quot;}\" data-elementor-post-type=\"page\">\n\t\t\t\t\t\t<section class=\"elementor-section elementor-top-section elementor-element elementor-element-e7c5450 elementor-section-boxed elementor-section-height-default elementor-section-height-default\" data-id=\"e7c5450\" data-element_type=\"section\" data-e-type=\"section\" data-settings=\"{&quot;background_background&quot;:&quot;classic&quot;,&quot;_ha_eqh_enable&quot;:false}\">\n\t\t\t\t\t\t\t<div class=\"elementor-background-overlay\"><\/div>\n\t\t\t\t\t\t\t<div class=\"elementor-container elementor-column-gap-default\">\n\t\t\t\t\t<div class=\"elementor-column elementor-col-100 elementor-top-column elementor-element elementor-element-3e27cfe\" data-id=\"3e27cfe\" data-element_type=\"column\" data-e-type=\"column\">\n\t\t\t<div class=\"elementor-widget-wrap elementor-element-populated\">\n\t\t\t\t\t\t<div class=\"elementor-element elementor-element-d7b8db1 elementor-widget elementor-widget-heading\" data-id=\"d7b8db1\" data-element_type=\"widget\" data-e-type=\"widget\" data-widget_type=\"heading.default\">\n\t\t\t\t<div class=\"elementor-widget-container\">\n\t\t\t\t\t<h1 class=\"elementor-heading-title elementor-size-default\">Finden Sie heraus, wie GTT ihr Unternehmen unterst\u00fctzen kann!<br \/>\nAnalysieren Sie globale Aussenhandels-Statistiken<\/h1>\t\t\t\t<\/div>\n\t\t\t\t<\/div>\n\t\t\t\t\t<\/div>\n\t\t<\/div>\n\t\t\t\t\t<\/div>\n\t\t<\/section>\n\t\t\t\t<section class=\"elementor-section elementor-top-section elementor-element elementor-element-53e148b elementor-section-boxed elementor-section-height-default elementor-section-height-default\" data-id=\"53e148b\" data-element_type=\"section\" data-e-type=\"section\" data-settings=\"{&quot;_ha_eqh_enable&quot;:false}\">\n\t\t\t\t\t\t<div class=\"elementor-container elementor-column-gap-default\">\n\t\t\t\t\t<div class=\"elementor-column elementor-col-50 elementor-top-column elementor-element elementor-element-97218fc\" data-id=\"97218fc\" data-element_type=\"column\" data-e-type=\"column\">\n\t\t\t<div class=\"elementor-widget-wrap elementor-element-populated\">\n\t\t\t\t\t\t<div class=\"elementor-element elementor-element-9eb21f5 elementor-widget elementor-widget-image\" data-id=\"9eb21f5\" data-element_type=\"widget\" data-e-type=\"widget\" data-widget_type=\"image.default\">\n\t\t\t\t<div class=\"elementor-widget-container\">\n\t\t\t\t\t\t\t\t\t\t\t\t\t\t\t<img fetchpriority=\"high\" decoding=\"async\" width=\"800\" height=\"532\" src=\"https:\/\/www.globaltradetracker.com\/wp-content\/uploads\/2025\/06\/shutterstock_2096898556-1.jpg\" class=\"attachment-large size-large wp-image-4367\" alt=\"\" \/>\t\t\t\t\t\t\t\t\t\t\t\t\t\t\t<\/div>\n\t\t\t\t<\/div>\n\t\t\t\t\t<\/div>\n\t\t<\/div>\n\t\t\t\t<div class=\"elementor-column elementor-col-50 elementor-top-column elementor-element elementor-element-db7d2f6\" data-id=\"db7d2f6\" data-element_type=\"column\" data-e-type=\"column\">\n\t\t\t<div class=\"elementor-widget-wrap elementor-element-populated\">\n\t\t\t\t\t\t<div class=\"elementor-element elementor-element-8d78d1a elementor-widget-divider--view-line elementor-widget elementor-widget-divider\" data-id=\"8d78d1a\" data-element_type=\"widget\" data-e-type=\"widget\" data-widget_type=\"divider.default\">\n\t\t\t\t<div class=\"elementor-widget-container\">\n\t\t\t\t\t\t\t<div class=\"elementor-divider\">\n\t\t\t<span class=\"elementor-divider-separator\">\n\t\t\t\t\t\t<\/span>\n\t\t<\/div>\n\t\t\t\t\t\t<\/div>\n\t\t\t\t<\/div>\n\t\t\t\t<div class=\"elementor-element elementor-element-fb3d265 elementor-widget elementor-widget-text-editor\" data-id=\"fb3d265\" data-element_type=\"widget\" data-e-type=\"widget\" data-widget_type=\"text-editor.default\">\n\t\t\t\t<div class=\"elementor-widget-container\">\n\t\t\t\t\t\t\t\t\t<p data-start=\"51\" data-end=\"106\"><strong data-start=\"51\" data-end=\"106\">Mit GTT den \u00dcberblick behalten in unsicheren Zeiten<\/strong><\/p><p data-start=\"108\" data-end=\"364\">Der Iran-Israel-Konflikt versch\u00e4rft die Spannungen im Nahen Osten und bringt neue St\u00f6rungen und Unsicherheiten f\u00fcr den globalen Handel mit sich. In diesem dynamischen Umfeld ist es wichtiger denn je, \u00fcber internationale Handelsstr\u00f6me informiert zu bleiben.<\/p><p data-start=\"366\" data-end=\"594\">GTT erm\u00f6glicht es Ihnen, Ver\u00e4nderungen bei Z\u00f6llen, Handelsvolumen und Marktdynamiken \u2013 wie die j\u00fcngsten US-Zollerh\u00f6hungen \u2013 nachzuverfolgen und deren Auswirkungen auf Ihre Produkte, wichtige Rohstoffe und Zielm\u00e4rkte zu bewerten.<\/p><p data-start=\"596\" data-end=\"853\">Da globale Handelsdaten oft verstreut und uneinheitlich sind, schafft GTT Klarheit in der Komplexit\u00e4t. Unsere intuitive und anpassbare Plattform liefert schnell verl\u00e4ssliche Einblicke \u2013 damit Sie auch in Krisenzeiten fundierte Entscheidungen treffen k\u00f6nnen.<\/p><p data-start=\"855\" data-end=\"1136\"><strong data-start=\"855\" data-end=\"878\">Jetzt GTT entdecken<\/strong><br data-start=\"878\" data-end=\"881\" \/>Fordern Sie eine kostenlose Demo an \u2013 per Bildschirmpr\u00e4sentation oder individueller Beratung \u2013 und erfahren Sie, wie GTT Ihre Handelsstrategie in der heutigen unsicheren Welt st\u00e4rken kann. F\u00fcllen Sie einfach das Formular aus, und wir melden uns bei Ihnen.<\/p>\t\t\t\t\t\t\t\t<\/div>\n\t\t\t\t<\/div>\n\t\t\t\t\t<\/div>\n\t\t<\/div>\n\t\t\t\t\t<\/div>\n\t\t<\/section>\n\t\t\t\t<section class=\"elementor-section elementor-top-section elementor-element elementor-element-9a0a20c elementor-section-boxed elementor-section-height-default elementor-section-height-default\" data-id=\"9a0a20c\" data-element_type=\"section\" data-e-type=\"section\" data-settings=\"{&quot;background_background&quot;:&quot;classic&quot;,&quot;_ha_eqh_enable&quot;:false}\">\n\t\t\t\t\t\t<div class=\"elementor-container elementor-column-gap-default\">\n\t\t\t\t\t<div class=\"elementor-column elementor-col-100 elementor-top-column elementor-element elementor-element-e8e0f5e\" data-id=\"e8e0f5e\" data-element_type=\"column\" data-e-type=\"column\">\n\t\t\t<div class=\"elementor-widget-wrap elementor-element-populated\">\n\t\t\t\t\t\t<div class=\"elementor-element elementor-element-aa06cf9 elementor-widget elementor-widget-heading\" data-id=\"aa06cf9\" data-element_type=\"widget\" data-e-type=\"widget\" data-widget_type=\"heading.default\">\n\t\t\t\t<div class=\"elementor-widget-container\">\n\t\t\t\t\t<h3 class=\"elementor-heading-title elementor-size-default\">Ja, ich will GTT testen<br \/> und evaluieren.<\/h3>\t\t\t\t<\/div>\n\t\t\t\t<\/div>\n\t\t\t\t<div class=\"elementor-element elementor-element-b4b7063 elementor-widget-divider--view-line elementor-widget elementor-widget-divider\" data-id=\"b4b7063\" data-element_type=\"widget\" data-e-type=\"widget\" data-widget_type=\"divider.default\">\n\t\t\t\t<div class=\"elementor-widget-container\">\n\t\t\t\t\t\t\t<div class=\"elementor-divider\">\n\t\t\t<span class=\"elementor-divider-separator\">\n\t\t\t\t\t\t<\/span>\n\t\t<\/div>\n\t\t\t\t\t\t<\/div>\n\t\t\t\t<\/div>\n\t\t\t\t\t<\/div>\n\t\t<\/div>\n\t\t\t\t\t<\/div>\n\t\t<\/section>\n\t\t\t\t<section class=\"elementor-section elementor-top-section elementor-element elementor-element-f8c3463 elementor-section-boxed elementor-section-height-default elementor-section-height-default\" data-id=\"f8c3463\" data-element_type=\"section\" data-e-type=\"section\" data-settings=\"{&quot;background_background&quot;:&quot;classic&quot;,&quot;_ha_eqh_enable&quot;:false}\">\n\t\t\t\t\t\t<div class=\"elementor-container elementor-column-gap-default\">\n\t\t\t\t\t<div class=\"elementor-column elementor-col-100 elementor-top-column elementor-element elementor-element-d8fc63a\" data-id=\"d8fc63a\" data-element_type=\"column\" data-e-type=\"column\" data-settings=\"{&quot;background_background&quot;:&quot;classic&quot;}\">\n\t\t\t<div class=\"elementor-widget-wrap elementor-element-populated\">\n\t\t\t\t\t\t<div class=\"elementor-element elementor-element-fca5f1c elementor-button-align-stretch elementor-widget elementor-widget-form\" data-id=\"fca5f1c\" data-element_type=\"widget\" data-e-type=\"widget\" data-settings=\"{&quot;step_next_label&quot;:&quot;Next&quot;,&quot;step_previous_label&quot;:&quot;Previous&quot;,&quot;button_width&quot;:&quot;100&quot;,&quot;step_type&quot;:&quot;number_text&quot;,&quot;step_icon_shape&quot;:&quot;circle&quot;}\" data-widget_type=\"form.default\">\n\t\t\t\t<div class=\"elementor-widget-container\">\n\t\t\t\t\t\t\t<form class=\"elementor-form\" method=\"post\" id=\"elementor_post_2293_form_new-form\" name=\"New Form\" aria-label=\"New Form\">\n\t\t\t<input type=\"hidden\" name=\"post_id\" value=\"2293\"\/>\n\t\t\t<input type=\"hidden\" name=\"form_id\" value=\"fca5f1c\"\/>\n\t\t\t<input type=\"hidden\" name=\"referer_title\" value=\"\" \/>\n\n\t\t\t\n\t\t\t<div class=\"elementor-form-fields-wrapper elementor-labels-above\">\n\t\t\t\t\t\t\t\t<div class=\"elementor-field-type-text elementor-field-group elementor-column elementor-field-group-field_2a1f09f elementor-col-50 elementor-field-required elementor-mark-required label-none lsfef-form-style  \" data-lsfef-style=\"none\">\n\t\t\t\t\t\t\t\t\t\t\t\t\t<input size=\"1\" type=\"text\" name=\"form_fields[field_2a1f09f]\" id=\"form-field-field_2a1f09f\" class=\"elementor-field elementor-size-lg  elementor-field-textual\" placeholder=\"Firma*\" required=\"required\">\n\t\t\t\t\t\t\t\t\t\t\t<\/div>\n\t\t\t\t\t\t\t\t<div class=\"elementor-field-type-text elementor-field-group elementor-column elementor-field-group-field_e9fa40d elementor-col-50 elementor-field-required elementor-mark-required label-none lsfef-form-style  \" data-lsfef-style=\"none\">\n\t\t\t\t\t\t\t\t\t\t\t\t\t<input size=\"1\" type=\"text\" name=\"form_fields[field_e9fa40d]\" id=\"form-field-field_e9fa40d\" class=\"elementor-field elementor-size-lg  elementor-field-textual\" placeholder=\"Name*\" required=\"required\">\n\t\t\t\t\t\t\t\t\t\t\t<\/div>\n\t\t\t\t\t\t\t\t<div class=\"elementor-field-type-text elementor-field-group elementor-column elementor-field-group-field_923189a elementor-col-50 label-none lsfef-form-style  \" data-lsfef-style=\"none\">\n\t\t\t\t\t\t\t\t\t\t\t\t\t<input size=\"1\" type=\"text\" name=\"form_fields[field_923189a]\" id=\"form-field-field_923189a\" class=\"elementor-field elementor-size-lg  elementor-field-textual\" placeholder=\"Addresse\">\n\t\t\t\t\t\t\t\t\t\t\t<\/div>\n\t\t\t\t\t\t\t\t<div class=\"elementor-field-type-email elementor-field-group elementor-column elementor-field-group-field_35df1eb elementor-col-50 elementor-field-required elementor-mark-required label-none lsfef-form-style  \" data-lsfef-style=\"none\">\n\t\t\t\t\t\t\t\t\t\t\t\t\t<input size=\"1\" type=\"email\" name=\"form_fields[field_35df1eb]\" id=\"form-field-field_35df1eb\" class=\"elementor-field elementor-size-lg  elementor-field-textual\" placeholder=\"E-Mail*\" required=\"required\">\n\t\t\t\t\t\t\t\t\t\t\t<\/div>\n\t\t\t\t\t\t\t\t<div class=\"elementor-field-type-text elementor-field-group elementor-column elementor-field-group-field_d0c2065 elementor-col-50 label-none lsfef-form-style  \" data-lsfef-style=\"none\">\n\t\t\t\t\t\t\t\t\t\t\t\t\t<input size=\"1\" type=\"text\" name=\"form_fields[field_d0c2065]\" id=\"form-field-field_d0c2065\" class=\"elementor-field elementor-size-lg  elementor-field-textual\" placeholder=\"Ort\">\n\t\t\t\t\t\t\t\t\t\t\t<\/div>\n\t\t\t\t\t\t\t\t<div class=\"elementor-field-type-tel elementor-field-group elementor-column elementor-field-group-field_1c75061 elementor-col-50 elementor-field-required elementor-mark-required label-none lsfef-form-style  \" data-lsfef-style=\"none\">\n\t\t\t\t\t\t\t<input size=\"1\" type=\"tel\" name=\"form_fields[field_1c75061]\" id=\"form-field-field_1c75061\" class=\"elementor-field elementor-size-lg  elementor-field-textual\" placeholder=\"Telefon*\" required=\"required\" pattern=\"[0-9()#&amp;+*-=.]+\" title=\"Nur Nummern oder Telefon-Zeichen (#, -, *, etc) werden akzeptiert.\">\n\n\t\t\t\t\t\t<\/div>\n\t\t\t\t\t\t\t\t<div class=\"elementor-field-type-text elementor-field-group elementor-column elementor-field-group-field_1c50386 elementor-col-50 label-none lsfef-form-style  \" data-lsfef-style=\"none\">\n\t\t\t\t\t\t\t\t\t\t\t\t\t<input size=\"1\" type=\"text\" name=\"form_fields[field_1c50386]\" id=\"form-field-field_1c50386\" class=\"elementor-field elementor-size-lg  elementor-field-textual\" placeholder=\"PLZ\">\n\t\t\t\t\t\t\t\t\t\t\t<\/div>\n\t\t\t\t\t\t\t\t<div class=\"elementor-field-type-text elementor-field-group elementor-column elementor-field-group-field_2e7eb61 elementor-col-100 elementor-field-required elementor-mark-required label-none lsfef-form-style  \" data-lsfef-style=\"none\">\n\t\t\t\t\t\t\t\t\t\t\t\t\t<input size=\"1\" type=\"text\" name=\"form_fields[field_2e7eb61]\" id=\"form-field-field_2e7eb61\" class=\"elementor-field elementor-size-lg  elementor-field-textual\" placeholder=\"Land*\" required=\"required\">\n\t\t\t\t\t\t\t\t\t\t\t<\/div>\n\t\t\t\t\t\t\t\t<div class=\"elementor-field-type-textarea elementor-field-group elementor-column elementor-field-group-field_c077f23 elementor-col-100 label-none lsfef-form-style  \" data-lsfef-style=\"none\">\n\t\t\t\t\t<textarea class=\"elementor-field-textual elementor-field  elementor-size-lg\" name=\"form_fields[field_c077f23]\" id=\"form-field-field_c077f23\" rows=\"4\" placeholder=\"Ihre Nachricht\"><\/textarea>\t\t\t\t<\/div>\n\t\t\t\t\t\t\t\t<div class=\"elementor-field-type-recaptcha_v3 elementor-field-group elementor-column elementor-field-group-field_afcc722 elementor-col-100   recaptcha_v3-bottomright\">\n\t\t\t\t\t<div class=\"elementor-field\" id=\"form-field-field_afcc722\"><div class=\"elementor-g-recaptcha\" data-sitekey=\"6LfqzJ8aAAAAABhI4Ozhro5ezLw_fAmnfzjNByeK\" data-type=\"v3\" data-action=\"Form\" data-badge=\"bottomright\" data-size=\"invisible\"><\/div><\/div>\t\t\t\t<\/div>\n\t\t\t\t\t\t\t\t<div class=\"elementor-field-group elementor-column elementor-field-type-submit elementor-col-100 e-form__buttons\">\n\t\t\t\t\t<button class=\"elementor-button elementor-size-md\" type=\"submit\">\n\t\t\t\t\t\t<span class=\"elementor-button-content-wrapper\">\n\t\t\t\t\t\t\t\t\t\t\t\t\t\t\t\t\t\t\t\t\t\t<span class=\"elementor-button-text\">Senden<\/span>\n\t\t\t\t\t\t\t\t\t\t\t\t\t<\/span>\n\t\t\t\t\t<\/button>\n\t\t\t\t<\/div>\n\t\t\t<\/div>\n\t\t<\/form>\n\t\t\t\t\t\t<\/div>\n\t\t\t\t<\/div>\n\t\t\t\t<div class=\"elementor-element elementor-element-4b2d10f elementor-widget elementor-widget-text-editor\" data-id=\"4b2d10f\" data-element_type=\"widget\" data-e-type=\"widget\" data-widget_type=\"text-editor.default\">\n\t\t\t\t<div class=\"elementor-widget-container\">\n\t\t\t\t\t\t\t\t\t<p>Bitte beachten Sie: Die zur verf\u00fcgung gestellten Daten enthalten KEINE Firmen-Bezeichnungen (BOL, Bill of lading)<\/p>\t\t\t\t\t\t\t\t<\/div>\n\t\t\t\t<\/div>\n\t\t\t\t\t<\/div>\n\t\t<\/div>\n\t\t\t\t\t<\/div>\n\t\t<\/section>\n\t\t\t\t<\/div>\n\t\t","protected":false},"excerpt":{"rendered":"<p>Finden Sie heraus, wie GTT ihr Unternehmen unterst\u00fctzen kann! Analysieren Sie globale Aussenhandels-Statistiken Mit GTT den \u00dcberblick behalten in unsicheren Zeiten Der Iran-Israel-Konflikt versch\u00e4rft die Spannungen im Nahen Osten und bringt neue St\u00f6rungen und Unsicherheiten f\u00fcr den globalen Handel mit sich. In diesem dynamischen Umfeld ist es wichtiger denn je, \u00fcber internationale Handelsstr\u00f6me informiert zu [&hellip;]<\/p>\n","protected":false},"author":2,"featured_media":0,"parent":0,"menu_order":25,"comment_status":"closed","ping_status":"closed","template":"elementor_header_footer","meta":{"om_disable_all_campaigns":false,"_monsterinsights_skip_tracking":false,"_monsterinsights_sitenote_active":false,"_monsterinsights_sitenote_note":"","_monsterinsights_sitenote_category":0,"footnotes":""},"class_list":["post-2293","page","type-page","status-publish","hentry"],"aioseo_notices":[],"_links":{"self":[{"href":"https:\/\/www.globaltradetracker.com\/de\/wp-json\/wp\/v2\/pages\/2293","targetHints":{"allow":["GET"]}}],"collection":[{"href":"https:\/\/www.globaltradetracker.com\/de\/wp-json\/wp\/v2\/pages"}],"about":[{"href":"https:\/\/www.globaltradetracker.com\/de\/wp-json\/wp\/v2\/types\/page"}],"author":[{"embeddable":true,"href":"https:\/\/www.globaltradetracker.com\/de\/wp-json\/wp\/v2\/users\/2"}],"replies":[{"embeddable":true,"href":"https:\/\/www.globaltradetracker.com\/de\/wp-json\/wp\/v2\/comments?post=2293"}],"version-history":[{"count":36,"href":"https:\/\/www.globaltradetracker.com\/de\/wp-json\/wp\/v2\/pages\/2293\/revisions"}],"predecessor-version":[{"id":4371,"href":"https:\/\/www.globaltradetracker.com\/de\/wp-json\/wp\/v2\/pages\/2293\/revisions\/4371"}],"wp:attachment":[{"href":"https:\/\/www.globaltradetracker.com\/de\/wp-json\/wp\/v2\/media?parent=2293"}],"curies":[{"name":"wp","href":"https:\/\/api.w.org\/{rel}","templated":true}]}}